{"id":558,"date":"2022-08-04T13:05:17","date_gmt":"2022-08-04T13:05:17","guid":{"rendered":"http:\/\/weentime.com\/?page_id=558"},"modified":"2024-07-31T07:01:00","modified_gmt":"2024-07-31T07:01:00","slug":"gain-dargent","status":"publish","type":"page","link":"https:\/\/weentime.pi2r-dev.tech\/en\/gain-dargent\/","title":{"rendered":"Gain d\u2019argent"},"content":{"rendered":"<div class=\"vce-row-container\" data-vce-boxed-width=\"true\"><div class=\"vce-row vce-row--col-gap-30 vce-row-equal-height vce-row-content--top\" id=\"el-237fb377\" data-vce-do-apply=\"all el-237fb377\"><div class=\"vce-row-content\" data-vce-element-content=\"true\"><div class=\"vce-col vce-col--md-auto vce-col--xs-1 vce-col--xs-last vce-col--xs-first vce-col--sm-last vce-col--sm-first vce-col--md-first vce-col--lg-first vce-col--xl-first\" id=\"el-de04d624\"><div class=\"vce-col-inner\" data-vce-do-apply=\"border margin background  el-de04d624\"><div class=\"vce-col-content\" data-vce-element-content=\"true\" data-vce-do-apply=\"padding el-de04d624\"><div class=\"vce-text-block\"><div class=\"vce-text-block-wrapper vce\" id=\"el-8a2149f5\" data-vce-do-apply=\"all el-8a2149f5\"><h2 align=\"justify\">Weentime un gain de temps et d'argent<\/h2><p align=\"justify\">Avec Weentime, la <strong>solution de gestion des cong\u00e9s<\/strong> et de l'activit\u00e9s des employs,le retour sur investissement est garanti \u00e0 100% et le montant gagn\u00e9 par une soci\u00e9t\u00e9 peut d\u00e9passer 100 fois le co\u00fbt de l\u2019abonnement Weentime.<\/p><\/div><\/div><div class=\"vce-text-block\"><div class=\"vce-text-block-wrapper vce\" id=\"el-ed851682\" data-vce-do-apply=\"all el-ed851682\"><h2 style=\"line-height: 1.25;\">Comment?<\/h2><p>Saviez-vous que plus de 95% des soci\u00e9t\u00e9s ne comptabilisent ni les <strong>retards des employ\u00e9s<\/strong> le matin, ni leurs<strong> sorties pendant les horaires de travail pour des motifs personnels<\/strong>&nbsp;? Savez-vous que la raison principale qui emp\u00eache les soci\u00e9t\u00e9s de comptabiliser ces <strong>retards et sorties<\/strong>, est l\u2019absence d\u2019outil simple et appropri\u00e9 pour cela&nbsp;?<\/p><\/div><\/div><\/div><\/div><\/div><div class=\"vce-col vce-col--md-auto vce-col--xs-1 vce-col--xs-last vce-col--xs-first vce-col--sm-last vce-col--sm-first vce-col--md-last vce-col--lg-last vce-col--xl-last\" id=\"el-748d5fb7\"><div class=\"vce-col-inner\" data-vce-do-apply=\"border margin background  el-748d5fb7\"><div class=\"vce-col-content\" data-vce-element-content=\"true\" data-vce-do-apply=\"padding el-748d5fb7\"><div class=\"vce-single-image-container vce-single-image--align-left\"><div class=\"vce vce-single-image-wrapper\" id=\"el-625f4ce9\" data-vce-do-apply=\"all el-625f4ce9\"><figure><div class=\"vce-single-image-figure-inner\" style=\"width: 1024px;\"><div class=\"vce-single-image-inner vce-single-image--absolute\" style=\"width: 100%; padding-bottom: 47.5586%;\"><img loading=\"lazy\" class=\"vce-single-image\"  width=\"1024\" height=\"487\" srcset=\"https:\/\/weentime.pi2r-dev.tech\/wp-content\/uploads\/2023\/08\/Comment-gagner-320x152.png 320w,https:\/\/weentime.pi2r-dev.tech\/wp-content\/uploads\/2023\/08\/Comment-gagner-480x228.png 480w,https:\/\/weentime.pi2r-dev.tech\/wp-content\/uploads\/2023\/08\/Comment-gagner-800x380.png 800w,https:\/\/weentime.pi2r-dev.tech\/wp-content\/uploads\/2023\/08\/Comment-gagner-1024x487.png 1024w\" src=\"https:\/\/weentime.pi2r-dev.tech\/wp-content\/uploads\/2023\/08\/Comment-gagner-1024x487.png\" data-img-src=\"https:\/\/weentime.pi2r-dev.tech\/wp-content\/uploads\/2022\/08\/Comment-gagner.png\" alt=\"Logiciel de gestion des cong\u00e9s des rtt excel gratuit\" title=\"Logiciel de gestion des cong\u00e9s des rtt excel gratuit\" \/><\/div><\/div><figcaption hidden=\"\"><\/figcaption><\/figure><\/div><\/div><\/div><\/div><\/div><\/div><\/div><\/div><div class=\"vce-row-container\" data-vce-boxed-width=\"true\"><div class=\"vce-row vce-row--col-gap-30 vce-row-equal-height vce-row-content--top\" id=\"el-63ba51a9\" data-vce-do-apply=\"all el-63ba51a9\"><div class=\"vce-row-content\" data-vce-element-content=\"true\"><div class=\"vce-col vce-col--md-auto vce-col--xs-1 vce-col--xs-last vce-col--xs-first vce-col--sm-last vce-col--sm-first vce-col--md-last vce-col--lg-last vce-col--xl-last vce-col--md-first vce-col--lg-first vce-col--xl-first\" id=\"el-c37ad316\"><div class=\"vce-col-inner\" data-vce-do-apply=\"border margin background  el-c37ad316\"><div class=\"vce-col-content\" data-vce-element-content=\"true\" data-vce-do-apply=\"padding el-c37ad316\"><div class=\"vce-raw-html\"><div class=\"vce-raw-html-wrapper\" id=\"el-42641005\" data-vce-do-apply=\"all el-42641005\"><style type='text\/css' media='all'>#tss-container-902928626.tss-wrapper .tss-layout10 .item-content-wrapper,\n\t\t\t\t\t#tss-container-902928626.tss-wrapper .tss-isotope3 .item-content-wrapper,\n\t\t\t\t\t#tss-container-902928626.tss-wrapper .tss-isotope5 .item-content-wrapper,\n\t\t\t\t\t#tss-container-902928626.tss-wrapper .tss-carousel10 .item-content-wrapper{background: transparent;}<\/style><div class='rt-container-fluid tss-wrapper' id='tss-container-902928626'  data-layout='carousel3' data-desktop-col='1'  data-tab-col='1'  data-mobile-col='1'><div data-title='Loading ...' class='rt-row tss-carousel3 tss-even tss-pre-loader'><div class=\"carousel-wrapper\"><div  class='tss-carousel swiper'\n\t\t\t\t\t\t\t\t\t\tdata-loop='false'\n\t\t\t\t\t\t\t\t\t\tdata-items-desktop='1'\n\t\t\t\t\t\t\t\t\t\tdata-items-tab='1'\n\t\t\t\t\t\t\t\t\t\tdata-items-mobile='1'\n\t\t\t\t\t\t\t\t\t\tdata-autoplay='true'\n\t\t\t\t\t\t\t\t\t\tdata-autoplay-timeout='5000'\n\t\t\t\t\t\t\t\t\t\tdata-autoplay-hover-pause='false'\n\t\t\t\t\t\t\t\t\t\tdata-dots='true'\n\t\t\t\t\t\t\t\t\t\tdata-nav='false'\n\t\t\t\t\t\t\t\t\t\tdata-lazy-load='false'\n\t\t\t\t\t\t\t\t\t\tdata-auto-height='false'\n\t\t\t\t\t\t\t\t\t\tdata-smart-speed='2000'\n\t\t\t\t\t\t\t\t\t\t><div class=\"swiper-wrapper\"><div class='rt-col-md-12 rt-col-sm-12 rt-col-xs-12 even-grid-item tss-grid-item slide-item swiper-slide even-grid-item default-margin'><div class=\"single-item-wrapper\"><div class=\"tss-meta-info\"><\/div><div class=\"item-content-wrapper\"><div class='item-content'><p align=\"justify\"><span style=\"color: #c00000;\"><i><b>Un employ\u00e9 qui enregistre un retard moyen quotidien de 10 mn seulement, c\u2019est plus de 40 heures de cong\u00e9s pris chaque ann\u00e9e sans \u00eatre comptabilis\u00e9s pour cet employ\u00e9<\/b><\/i><\/span>\u00a0<i><b>!!!<\/b><\/i> En effet, 10 mn par jour multipli\u00e9 par une moyenne de 252 jours ouvr\u00e9s par an, c\u2019est 2\u00a0520 minutes, soit exactement 42 heures par an.<\/p><\/div><\/div><\/div><\/div><div class='rt-col-md-12 rt-col-sm-12 rt-col-xs-12 even-grid-item tss-grid-item slide-item swiper-slide even-grid-item default-margin'><div class=\"single-item-wrapper\"><div class=\"tss-meta-info\"><\/div><div class=\"item-content-wrapper\"><div class='item-content'><p align=\"justify\"><span style=\"color: #c00000;\"><i><b>Un employ\u00e9 qui s\u2019absente en moyenne 1 heure par semaine pour faire une course personnelle, c\u2019est l\u2019\u00e9quivalent de 47 heures de<\/b><\/i><\/span> <span style=\"color: #c00000;\"><i><b>heures de cong\u00e9s pris chaque ann\u00e9e sans \u00eatre comptabilis\u00e9s pour cet employ\u00e9<\/b><\/i><\/span>\u00a0<span style=\"color: #c00000;\"><b>!!!<\/b><\/span><\/p><\/div><\/div><\/div><\/div><div class='rt-col-md-12 rt-col-sm-12 rt-col-xs-12 even-grid-item tss-grid-item slide-item swiper-slide even-grid-item default-margin'><div class=\"single-item-wrapper\"><div class=\"tss-meta-info\"><\/div><div class=\"item-content-wrapper\"><div class='item-content'><span style=\"color: #c00000;\"><i><b>Une petite soci\u00e9t\u00e9 de 15 salari\u00e9s qui n\u2019utilise pas un outil de gestion des absences perd chaque ann\u00e9e entre 28 \u00e0 75 jours de cong\u00e9s non-constat\u00e9s et donc non comptabilis\u00e9s\u00a0!!!<\/b><\/i><\/span> En effet, le taux d\u2019absent\u00e9isme dans le secteur priv\u00e9 se situe dans plusieurs pays aux alentours de 5%. Cela correspond \u00e0 une moyenne de 12,6 jours d\u2019absences par employ\u00e9 par ann\u00e9e, soit 189 jours d\u2019absences cumul\u00e9s par ann\u00e9e pour les 15 employ\u00e9s. 60% \u00e0 85% de ces absences correspondent \u00e0 maladies justifi\u00e9es ou \u00e0 des cong\u00e9s exceptionnels r\u00e9glement\u00e9s (naissance d\u2019enfant, mariage, d\u00e9c\u00e8s d\u2019ascendant, etc.) ou encore sont r\u00e9cup\u00e9r\u00e9s. Mais le reste, soit 15% \u00e0 40%, selon les pays et les domaines d\u2019activit\u00e9, correspondent \u00e0 des jours d\u2019absence qui auraient d\u00fb \u00eatre imput\u00e9s sur le solde de cong\u00e9 annuel.<\/div><\/div><\/div><\/div><\/div><div class=\"swiper-pagination\"><\/div><\/div><\/div><div class=\"rt-loading-overlay\"><\/div><div class=\"rt-loading rt-ball-clip-rotate\"><div><\/div><\/div><\/div><\/div><\/div><\/div><\/div><\/div><\/div><\/div><\/div><\/div><div class=\"vce-row-container\" data-vce-boxed-width=\"true\"><div class=\"vce-row vce-row--col-gap-30 vce-row-equal-height vce-row-content--top\" id=\"el-b6386cba\" data-vce-do-apply=\"all el-b6386cba\"><div class=\"vce-row-content\" data-vce-element-content=\"true\"><div class=\"vce-col vce-col--md-auto vce-col--xs-1 vce-col--xs-last vce-col--xs-first vce-col--sm-last vce-col--sm-first vce-col--md-last vce-col--lg-last vce-col--xl-last vce-col--md-first vce-col--lg-first vce-col--xl-first\" id=\"el-0c5f2d6b\"><div class=\"vce-col-inner\" data-vce-do-apply=\"border margin background  el-0c5f2d6b\"><div class=\"vce-col-content\" data-vce-element-content=\"true\" data-vce-do-apply=\"padding el-0c5f2d6b\"><div class=\"vce-text-block\"><div class=\"vce-text-block-wrapper vce\" id=\"el-e744e0d4\" data-vce-do-apply=\"all el-e744e0d4\"><p>Weentime apporte une solution de <strong>gestion des cong\u00e9s<\/strong> tr\u00e8s pratique et simple \u00e0 d\u00e9ployer en toute transparence pour ces probl\u00e8mes et bien d\u2019autres. En effet Weentime permet de tout tracer en quelques clic, tout v\u00e9rifier tr\u00e8s ais\u00e9ment, tout calculer avec le minimum d\u2019effort et tout imputer correctement et \u00e9quitablement pour l\u2019employeur et l\u2019employ\u00e9.<\/p><\/div><\/div><\/div><\/div><\/div><\/div><\/div><\/div><div class=\"vce-row-container\" data-vce-boxed-width=\"true\"><div class=\"vce-row vce-row--col-gap-30 vce-row-equal-height vce-row-content--top\" id=\"el-8344addb\" data-vce-do-apply=\"all el-8344addb\"><div class=\"vce-row-content\" data-vce-element-content=\"true\"><div class=\"vce-col vce-col--md-auto vce-col--xs-1 vce-col--xs-last vce-col--xs-first vce-col--sm-last vce-col--sm-first vce-col--md-last vce-col--lg-last vce-col--xl-last vce-col--md-first vce-col--lg-first vce-col--xl-first\" id=\"el-f530c990\"><div class=\"vce-col-inner\" data-vce-do-apply=\"border margin background  el-f530c990\"><div class=\"vce-col-content\" data-vce-element-content=\"true\" data-vce-do-apply=\"padding el-f530c990\"><div class=\"vce-text-block\"><div class=\"vce-text-block-wrapper vce\" id=\"el-724d2ff7\" data-vce-do-apply=\"all el-724d2ff7\"><p>Vous souhaitez arr\u00eater l\u2019h\u00e9morragie des <strong>retards<\/strong>, <strong>des absences<\/strong>, <strong>des sorties et bien d\u2019autres<\/strong>&nbsp;? C\u2019est tr\u00e8s simple&nbsp;:<\/p><\/div><\/div><\/div><\/div><\/div><\/div><\/div><\/div><div class=\"vce-row-container\" data-vce-boxed-width=\"true\"><div class=\"vce-row vce-row--col-gap-30 vce-row-equal-height vce-row-content--top\" id=\"el-00c3e547\" data-vce-do-apply=\"all el-00c3e547\"><div class=\"vce-row-content\" data-vce-element-content=\"true\"><div class=\"vce-col vce-col--md-auto vce-col--xs-1 vce-col--xs-last vce-col--xs-first vce-col--sm-last vce-col--sm-first vce-col--md-last vce-col--lg-last vce-col--xl-last vce-col--md-first vce-col--lg-first vce-col--xl-first\" id=\"el-f6bc8b43\"><div class=\"vce-col-inner\" data-vce-do-apply=\"border margin background  el-f6bc8b43\"><div class=\"vce-col-content\" data-vce-element-content=\"true\" data-vce-do-apply=\"padding el-f6bc8b43\"><div class=\"vce-button--style-basic-container vce-button--style-basic-container--align-left\"><span class=\"vce-button--style-basic-wrapper vce\" id=\"el-c0e7e56f\" data-vce-do-apply=\"margin el-c0e7e56f\"><a class=\"vce-button vce-button--style-basic vce-button--style-basic--border-rounded vce-button--style-basic--size-medium vce-button--style-basic--color-b-75-184-231--fff\" href=\"https:\/\/app.weentime.com\/fr\/inscription\" title=\"Gestion des cong\u00e9s en ligne\" data-vce-do-apply=\"padding border background  el-c0e7e56f\">D\u00e9marrez un essai gratuit maintenant<\/a><\/span><\/div><\/div><\/div><\/div><\/div><\/div><\/div>","protected":false},"excerpt":{"rendered":"<p>Weentime un gain de temps et d&#8217;argentAvec Weentime, la solution de gestion des cong\u00e9s et de l&#8217;activit\u00e9s des employs,le retour sur investissement est garanti \u00e0 100% et le montant gagn\u00e9 par une soci\u00e9t\u00e9 peut d\u00e9passer 100 fois le co\u00fbt de l\u2019abonnement Weentime.Comment?Saviez-vous que plus de 95% des soci\u00e9t\u00e9s ne comptabilisent ni les retards des employ\u00e9s &hellip;<\/p>\n<p class=\"read-more\"> <a class=\"\" href=\"https:\/\/weentime.pi2r-dev.tech\/en\/testimonial\/exemple-3\/\"> <span class=\"screen-reader-text\">Exemple 3<\/span> Read More &raquo;<\/a><\/p>","protected":false},"author":1,"featured_media":0,"parent":0,"menu_order":0,"comment_status":"closed","ping_status":"closed","template":"","meta":{"site-sidebar-layout":"default","site-content-layout":"default","ast-global-header-display":"","ast-main-header-display":"","ast-hfb-above-header-display":"","ast-hfb-below-header-display":"","ast-hfb-mobile-header-display":"","site-post-title":"","ast-breadcrumbs-content":"","ast-featured-img":"","footer-sml-layout":"","theme-transparent-header-meta":"default","adv-header-id-meta":"","stick-header-meta":"","header-above-stick-meta":"","header-main-stick-meta":"","header-below-stick-meta":""},"yoast_head":"<!-- This site is optimized with the Yoast SEO plugin v20.2 - https:\/\/yoast.com\/wordpress\/plugins\/seo\/ -->\n<title>Essayez weentime - Gestion des Cong\u00e9s en Ligne<\/title>\n<meta name=\"description\" content=\"D\u00e9couvrez comment weentime peut vous faire \u00e9conomiser de l&#039;argent. Essayez la solution de Gestion des cong\u00e9s en ligne d\u00e8s maintenant.\" \/>\n<meta name=\"robots\" content=\"index, follow, max-snippet:-1, max-image-preview:large, max-video-preview:-1\" \/>\n<link rel=\"canonical\" href=\"https:\/\/weentime.pi2r-dev.tech\/en\/gain-dargent\/\" \/>\n<meta property=\"og:locale\" content=\"en_US\" \/>\n<meta property=\"og:type\" content=\"article\" \/>\n<meta property=\"og:title\" content=\"Essayez weentime - Gestion des Cong\u00e9s en Ligne\" \/>\n<meta property=\"og:description\" content=\"D\u00e9couvrez comment weentime peut vous faire \u00e9conomiser de l&#039;argent. Essayez la solution de Gestion des cong\u00e9s en ligne d\u00e8s maintenant.\" \/>\n<meta property=\"og:url\" content=\"https:\/\/weentime.pi2r-dev.tech\/en\/gain-dargent\/\" \/>\n<meta property=\"og:site_name\" content=\"Weentime\" \/>\n<meta property=\"article:publisher\" content=\"https:\/\/www.facebook.com\/weentimerh\" \/>\n<meta property=\"article:modified_time\" content=\"2024-07-31T07:01:00+00:00\" \/>\n<meta name=\"twitter:card\" content=\"summary_large_image\" \/>\n<meta name=\"twitter:label1\" content=\"Est. reading time\" \/>\n\t<meta name=\"twitter:data1\" content=\"1 minute\" \/>\n<script type=\"application\/ld+json\" class=\"yoast-schema-graph\">{\"@context\":\"https:\/\/schema.org\",\"@graph\":[{\"@type\":\"WebPage\",\"@id\":\"https:\/\/weentime.pi2r-dev.tech\/gain-dargent\/\",\"url\":\"https:\/\/weentime.pi2r-dev.tech\/gain-dargent\/\",\"name\":\"Essayez weentime - Gestion des Cong\u00e9s en Ligne\",\"isPartOf\":{\"@id\":\"https:\/\/weentime.pi2r-dev.tech\/#website\"},\"datePublished\":\"2022-08-04T13:05:17+00:00\",\"dateModified\":\"2024-07-31T07:01:00+00:00\",\"description\":\"D\u00e9couvrez comment weentime peut vous faire \u00e9conomiser de l'argent. Essayez la solution de Gestion des cong\u00e9s en ligne d\u00e8s maintenant.\",\"breadcrumb\":{\"@id\":\"https:\/\/weentime.pi2r-dev.tech\/gain-dargent\/#breadcrumb\"},\"inLanguage\":\"en-US\",\"potentialAction\":[{\"@type\":\"ReadAction\",\"target\":[\"https:\/\/weentime.pi2r-dev.tech\/gain-dargent\/\"]}]},{\"@type\":\"BreadcrumbList\",\"@id\":\"https:\/\/weentime.pi2r-dev.tech\/gain-dargent\/#breadcrumb\",\"itemListElement\":[{\"@type\":\"ListItem\",\"position\":1,\"name\":\"Home\",\"item\":\"https:\/\/weentime.pi2r-dev.tech\/\"},{\"@type\":\"ListItem\",\"position\":2,\"name\":\"Gain d\u2019argent\"}]},{\"@type\":\"WebSite\",\"@id\":\"https:\/\/weentime.pi2r-dev.tech\/#website\",\"url\":\"https:\/\/weentime.pi2r-dev.tech\/\",\"name\":\"WEENTIME\",\"description\":\"Weentime | Solution SAAS\",\"publisher\":{\"@id\":\"https:\/\/weentime.pi2r-dev.tech\/#organization\"},\"potentialAction\":[{\"@type\":\"SearchAction\",\"target\":{\"@type\":\"EntryPoint\",\"urlTemplate\":\"https:\/\/weentime.pi2r-dev.tech\/?s={search_term_string}\"},\"query-input\":\"required name=search_term_string\"}],\"inLanguage\":\"en-US\"},{\"@type\":\"Organization\",\"@id\":\"https:\/\/weentime.pi2r-dev.tech\/#organization\",\"name\":\"WEENTIME\",\"url\":\"https:\/\/weentime.pi2r-dev.tech\/\",\"logo\":{\"@type\":\"ImageObject\",\"inLanguage\":\"en-US\",\"@id\":\"https:\/\/weentime.pi2r-dev.tech\/#\/schema\/logo\/image\/\",\"url\":\"https:\/\/weentime.pi2r-dev.tech\/wp-content\/uploads\/2026\/05\/logo.png\",\"contentUrl\":\"https:\/\/weentime.pi2r-dev.tech\/wp-content\/uploads\/2026\/05\/logo.png\",\"width\":450,\"height\":135,\"caption\":\"WEENTIME\"},\"image\":{\"@id\":\"https:\/\/weentime.pi2r-dev.tech\/#\/schema\/logo\/image\/\"},\"sameAs\":[\"https:\/\/www.facebook.com\/weentimerh\",\"https:\/\/www.linkedin.com\/company\/weentime\/\"]}]}<\/script>\n<!-- \/ Yoast SEO plugin. -->","yoast_head_json":{"title":"Essayez weentime - Gestion des Cong\u00e9s en Ligne","description":"D\u00e9couvrez comment weentime peut vous faire \u00e9conomiser de l'argent. Essayez la solution de Gestion des cong\u00e9s en ligne d\u00e8s maintenant.","robots":{"index":"index","follow":"follow","max-snippet":"max-snippet:-1","max-image-preview":"max-image-preview:large","max-video-preview":"max-video-preview:-1"},"canonical":"https:\/\/weentime.pi2r-dev.tech\/en\/gain-dargent\/","og_locale":"en_US","og_type":"article","og_title":"Essayez weentime - Gestion des Cong\u00e9s en Ligne","og_description":"D\u00e9couvrez comment weentime peut vous faire \u00e9conomiser de l'argent. Essayez la solution de Gestion des cong\u00e9s en ligne d\u00e8s maintenant.","og_url":"https:\/\/weentime.pi2r-dev.tech\/en\/gain-dargent\/","og_site_name":"Weentime","article_publisher":"https:\/\/www.facebook.com\/weentimerh","article_modified_time":"2024-07-31T07:01:00+00:00","twitter_card":"summary_large_image","twitter_misc":{"Est. reading time":"1 minute"},"schema":{"@context":"https:\/\/schema.org","@graph":[{"@type":"WebPage","@id":"https:\/\/weentime.pi2r-dev.tech\/gain-dargent\/","url":"https:\/\/weentime.pi2r-dev.tech\/gain-dargent\/","name":"Essayez weentime - Gestion des Cong\u00e9s en Ligne","isPartOf":{"@id":"https:\/\/weentime.pi2r-dev.tech\/#website"},"datePublished":"2022-08-04T13:05:17+00:00","dateModified":"2024-07-31T07:01:00+00:00","description":"D\u00e9couvrez comment weentime peut vous faire \u00e9conomiser de l'argent. Essayez la solution de Gestion des cong\u00e9s en ligne d\u00e8s maintenant.","breadcrumb":{"@id":"https:\/\/weentime.pi2r-dev.tech\/gain-dargent\/#breadcrumb"},"inLanguage":"en-US","potentialAction":[{"@type":"ReadAction","target":["https:\/\/weentime.pi2r-dev.tech\/gain-dargent\/"]}]},{"@type":"BreadcrumbList","@id":"https:\/\/weentime.pi2r-dev.tech\/gain-dargent\/#breadcrumb","itemListElement":[{"@type":"ListItem","position":1,"name":"Home","item":"https:\/\/weentime.pi2r-dev.tech\/"},{"@type":"ListItem","position":2,"name":"Gain d\u2019argent"}]},{"@type":"WebSite","@id":"https:\/\/weentime.pi2r-dev.tech\/#website","url":"https:\/\/weentime.pi2r-dev.tech\/","name":"WEENTIME","description":"Weentime | Solution SAAS","publisher":{"@id":"https:\/\/weentime.pi2r-dev.tech\/#organization"},"potentialAction":[{"@type":"SearchAction","target":{"@type":"EntryPoint","urlTemplate":"https:\/\/weentime.pi2r-dev.tech\/?s={search_term_string}"},"query-input":"required name=search_term_string"}],"inLanguage":"en-US"},{"@type":"Organization","@id":"https:\/\/weentime.pi2r-dev.tech\/#organization","name":"WEENTIME","url":"https:\/\/weentime.pi2r-dev.tech\/","logo":{"@type":"ImageObject","inLanguage":"en-US","@id":"https:\/\/weentime.pi2r-dev.tech\/#\/schema\/logo\/image\/","url":"https:\/\/weentime.pi2r-dev.tech\/wp-content\/uploads\/2026\/05\/logo.png","contentUrl":"https:\/\/weentime.pi2r-dev.tech\/wp-content\/uploads\/2026\/05\/logo.png","width":450,"height":135,"caption":"WEENTIME"},"image":{"@id":"https:\/\/weentime.pi2r-dev.tech\/#\/schema\/logo\/image\/"},"sameAs":["https:\/\/www.facebook.com\/weentimerh","https:\/\/www.linkedin.com\/company\/weentime\/"]}]}},"_links":{"self":[{"href":"https:\/\/weentime.pi2r-dev.tech\/en\/wp-json\/wp\/v2\/pages\/558"}],"collection":[{"href":"https:\/\/weentime.pi2r-dev.tech\/en\/wp-json\/wp\/v2\/pages"}],"about":[{"href":"https:\/\/weentime.pi2r-dev.tech\/en\/wp-json\/wp\/v2\/types\/page"}],"author":[{"embeddable":true,"href":"https:\/\/weentime.pi2r-dev.tech\/en\/wp-json\/wp\/v2\/users\/1"}],"replies":[{"embeddable":true,"href":"https:\/\/weentime.pi2r-dev.tech\/en\/wp-json\/wp\/v2\/comments?post=558"}],"version-history":[{"count":18,"href":"https:\/\/weentime.pi2r-dev.tech\/en\/wp-json\/wp\/v2\/pages\/558\/revisions"}],"predecessor-version":[{"id":1203,"href":"https:\/\/weentime.pi2r-dev.tech\/en\/wp-json\/wp\/v2\/pages\/558\/revisions\/1203"}],"wp:attachment":[{"href":"https:\/\/weentime.pi2r-dev.tech\/en\/wp-json\/wp\/v2\/media?parent=558"}],"curies":[{"name":"wp","href":"https:\/\/api.w.org\/{rel}","templated":true}]}}