{"id":552,"date":"2022-08-04T13:00:25","date_gmt":"2022-08-04T13:00:25","guid":{"rendered":"http:\/\/weentime.com\/?page_id=552"},"modified":"2023-08-31T12:26:44","modified_gmt":"2023-08-31T12:26:44","slug":"missions","status":"publish","type":"page","link":"https:\/\/weentime.pi2r-dev.tech\/en\/missions\/","title":{"rendered":"Gestion des missions"},"content":{"rendered":"<div class=\"vce-row-container\" data-vce-boxed-width=\"true\"><div class=\"vce-row vce-row--col-gap-30 vce-row-equal-height vce-row-content--top\" id=\"el-f262893a\" data-vce-do-apply=\"all el-f262893a\"><div class=\"vce-row-content\" data-vce-element-content=\"true\"><div class=\"vce-col vce-col--md-auto vce-col--xs-1 vce-col--xs-last vce-col--xs-first vce-col--sm-last vce-col--sm-first vce-col--md-last vce-col--lg-last vce-col--xl-last vce-col--md-first vce-col--lg-first vce-col--xl-first\" id=\"el-622b8293\"><div class=\"vce-col-inner\" data-vce-do-apply=\"border margin background  el-622b8293\"><div class=\"vce-col-content\" data-vce-element-content=\"true\" data-vce-do-apply=\"padding el-622b8293\"><div class=\"vce-text-block\"><div class=\"vce-text-block-wrapper vce\" id=\"el-256c01e2\" data-vce-do-apply=\"all el-256c01e2\"><p align=\"justify\"><span style=\"font-size: medium;\">Plusieurs soci\u00e9t\u00e9s envoient leurs employ\u00e9s, que ce soit des \u00e9quipes commerciales ou des \u00e9quipes techniques, en mission client\u00e8le, que ce soit pour quelques heures ou pour plusieurs jours. Il arrive souvent que le responsable hi\u00e9rarchique ne dispose pas de l\u2019information et cherche un employ\u00e9 sans le trouver alors que ce dernier est simplement en mission client\u00e8le. Afin de ma\u00eetriser l\u2019information sur ces sorties professionnelles, Weentime comprend un module entier d\u00e9di\u00e9 \u00e0 la gestion de ces missions.<\/span><\/p><br><p align=\"justify\"><span style=\"font-size: medium;\">Ainsi, la gestion des missions combin\u00e9e avec la gestion des <\/span><strong><span style=\"font-size: medium;color: #024cbb;\">cong\u00e9s<\/span><\/strong><span style=\"font-size: medium;\">, des <\/span><strong><span style=\"font-size: medium;color: #024cbb;\">sorties personnelles<\/span><\/strong><span style=\"font-size: medium;\">, des <\/span><strong><span style=\"font-size: medium;color: #024cbb;\">retards<\/span><\/strong><span style=\"font-size: medium;\">, des <\/span><strong><span style=\"font-size: medium;color: #024cbb;\">absences<\/span><\/strong><span style=\"font-size: medium;\"> et des <\/span><strong><span style=\"font-size: medium;color: #024cbb;\">p\u00e9riodes de t\u00e9l\u00e9travail<\/span><\/strong><span style=\"font-size: medium;\">, permet au sup\u00e9rieur hi\u00e9rarchique ainsi qu\u2019au service de ressources humaines de savoir \u00e0 tout instant o\u00f9 se trouve chaque employ\u00e9 gr\u00e2ce \u00e0 des tableaux de bord tr\u00e8s conviviaux et sp\u00e9cialement con\u00e7us pour le suivi de l\u2019activit\u00e9 des employ\u00e9s.<\/span><\/p><\/div><\/div><\/div><\/div><\/div><\/div><\/div><\/div><div class=\"vce-row-container\" data-vce-boxed-width=\"true\"><div class=\"vce-row vce-row--col-gap-30 vce-row-equal-height vce-row-content--top\" id=\"el-7bc10fe2\" data-vce-do-apply=\"all el-7bc10fe2\"><div class=\"vce-row-content\" data-vce-element-content=\"true\"><div class=\"vce-col vce-col--md-auto vce-col--xs-1 vce-col--xs-last vce-col--xs-first vce-col--sm-last vce-col--sm-first vce-col--md-last vce-col--lg-last vce-col--xl-last vce-col--md-first vce-col--lg-first vce-col--xl-first\" id=\"el-e0d6bebb\"><div class=\"vce-col-inner\" data-vce-do-apply=\"border margin background  el-e0d6bebb\"><div class=\"vce-col-content\" data-vce-element-content=\"true\" data-vce-do-apply=\"padding el-e0d6bebb\"><div class=\"vce-button--style-basic-container vce-button--style-basic-container--align-left\"><span class=\"vce-button--style-basic-wrapper vce\" id=\"el-5a4f433e\" data-vce-do-apply=\"margin el-5a4f433e\"><a class=\"vce-button vce-button--style-basic vce-button--style-basic--border-rounded vce-button--style-basic--size-medium vce-button--style-basic--color-b-75-184-231--fff\" href=\"https:\/\/app.weentime.com\/fr\/inscription\" title=\"Logiciel de gestion des absences et missions\" target=\"_blank\" data-vce-do-apply=\"padding border background  el-5a4f433e\" rel=\"noopener\">D\u00e9marrez un essai gratuit maintenant<\/a><\/span><\/div><\/div><\/div><\/div><\/div><\/div><\/div><div class=\"vce-row-container\" data-vce-boxed-width=\"true\"><div class=\"vce-row vce-row--col-gap-30 vce-row-equal-height vce-row-content--top\" id=\"el-f612a363\" data-vce-do-apply=\"all el-f612a363\"><div class=\"vce-row-content\" data-vce-element-content=\"true\"><div class=\"vce-col vce-col--md-auto vce-col--xs-1 vce-col--xs-last vce-col--xs-first vce-col--sm-last vce-col--sm-first vce-col--md-first vce-col--lg-first vce-col--xl-first\" id=\"el-ca81ea25\"><div class=\"vce-col-inner\" data-vce-do-apply=\"border margin background  el-ca81ea25\"><div class=\"vce-col-content\" data-vce-element-content=\"true\" data-vce-do-apply=\"padding el-ca81ea25\"><div class=\"vce-single-image-container vce-single-image--align-left\"><div class=\"vce vce-single-image-wrapper\" id=\"el-43d99bef\" data-vce-do-apply=\"all el-43d99bef\"><figure><div class=\"vce-single-image-figure-inner\" style=\"width: 1024px;\"><div class=\"vce-single-image-inner vce-single-image--absolute\" style=\"width: 100%; padding-bottom: 100%;\"><img loading=\"lazy\" class=\"vce-single-image\"  width=\"1024\" height=\"1024\" srcset=\"https:\/\/weentime.pi2r-dev.tech\/wp-content\/uploads\/2023\/08\/Untitled-design-4-320x320.png 320w,https:\/\/weentime.pi2r-dev.tech\/wp-content\/uploads\/2023\/08\/Untitled-design-4-480x480.png 480w,https:\/\/weentime.pi2r-dev.tech\/wp-content\/uploads\/2023\/08\/Untitled-design-4-800x800.png 800w,https:\/\/weentime.pi2r-dev.tech\/wp-content\/uploads\/2023\/08\/Untitled-design-4-1024x1024.png 1024w\" src=\"https:\/\/weentime.pi2r-dev.tech\/wp-content\/uploads\/2023\/08\/Untitled-design-4-1024x1024.png\" data-img-src=\"https:\/\/weentime.pi2r-dev.tech\/wp-content\/uploads\/2023\/08\/Untitled-design-4.png\" alt=\"Gestion des cong\u00e9s Excel gratuit\" title=\"Untitled design (4)\" \/><\/div><\/div><figcaption hidden=\"\"><\/figcaption><\/figure><\/div><\/div><\/div><\/div><\/div><div class=\"vce-col vce-col--md-auto vce-col--xs-1 vce-col--xs-last vce-col--xs-first vce-col--sm-last vce-col--sm-first vce-col--md-last vce-col--lg-last vce-col--xl-last\" id=\"el-8553fcbc\"><div class=\"vce-col-inner\" data-vce-do-apply=\"border margin background  el-8553fcbc\"><div class=\"vce-col-content\" data-vce-element-content=\"true\" data-vce-do-apply=\"padding el-8553fcbc\"><div><\/div><\/div><\/div><\/div><\/div><\/div><\/div>","protected":false},"excerpt":{"rendered":"<p>Plusieurs soci\u00e9t\u00e9s envoient leurs employ\u00e9s, que ce soit des \u00e9quipes commerciales ou des \u00e9quipes techniques, en mission client\u00e8le, que ce soit pour quelques heures ou pour plusieurs jours. Il arrive souvent que le responsable hi\u00e9rarchique ne dispose pas de l\u2019information et cherche un employ\u00e9 sans le trouver alors que ce dernier est simplement en mission &hellip;<\/p>\n<p class=\"read-more\"> <a class=\"\" href=\"https:\/\/weentime.pi2r-dev.tech\/en\/missions\/\"> <span class=\"screen-reader-text\">Gestion des missions<\/span> Read More &raquo;<\/a><\/p>","protected":false},"author":1,"featured_media":0,"parent":0,"menu_order":0,"comment_status":"closed","ping_status":"closed","template":"","meta":{"site-sidebar-layout":"default","site-content-layout":"default","ast-global-header-display":"","ast-main-header-display":"","ast-hfb-above-header-display":"","ast-hfb-below-header-display":"","ast-hfb-mobile-header-display":"","site-post-title":"","ast-breadcrumbs-content":"","ast-featured-img":"","footer-sml-layout":"","theme-transparent-header-meta":"default","adv-header-id-meta":"","stick-header-meta":"","header-above-stick-meta":"","header-main-stick-meta":"","header-below-stick-meta":""},"yoast_head":"<!-- This site is optimized with the Yoast SEO plugin v20.2 - https:\/\/yoast.com\/wordpress\/plugins\/seo\/ -->\n<title>Solution de Gestion des Missions et de Suivi des Employ\u00e9s<\/title>\n<meta name=\"description\" content=\"Optimisez la gestion des missions et le suivi de vos employ\u00e9s avec notre solution weentime. Am\u00e9liorez votre productivit\u00e9 d\u00e8s maintenant.\" \/>\n<meta name=\"robots\" content=\"index, follow, max-snippet:-1, max-image-preview:large, max-video-preview:-1\" \/>\n<link rel=\"canonical\" href=\"https:\/\/weentime.pi2r-dev.tech\/en\/missions\/\" \/>\n<meta property=\"og:locale\" content=\"en_US\" \/>\n<meta property=\"og:type\" content=\"article\" \/>\n<meta property=\"og:title\" content=\"Solution de Gestion des Missions et de Suivi des Employ\u00e9s\" \/>\n<meta property=\"og:description\" content=\"Optimisez la gestion des missions et le suivi de vos employ\u00e9s avec notre solution weentime. Am\u00e9liorez votre productivit\u00e9 d\u00e8s maintenant.\" \/>\n<meta property=\"og:url\" content=\"https:\/\/weentime.pi2r-dev.tech\/en\/missions\/\" \/>\n<meta property=\"og:site_name\" content=\"Weentime\" \/>\n<meta property=\"article:publisher\" content=\"https:\/\/www.facebook.com\/weentimerh\" \/>\n<meta property=\"article:modified_time\" content=\"2023-08-31T12:26:44+00:00\" \/>\n<meta name=\"twitter:card\" content=\"summary_large_image\" \/>\n<meta name=\"twitter:label1\" content=\"Est. reading time\" \/>\n\t<meta name=\"twitter:data1\" content=\"1 minute\" \/>\n<script type=\"application\/ld+json\" class=\"yoast-schema-graph\">{\"@context\":\"https:\/\/schema.org\",\"@graph\":[{\"@type\":\"WebPage\",\"@id\":\"https:\/\/weentime.pi2r-dev.tech\/missions\/\",\"url\":\"https:\/\/weentime.pi2r-dev.tech\/missions\/\",\"name\":\"Solution de Gestion des Missions et de Suivi des Employ\u00e9s\",\"isPartOf\":{\"@id\":\"https:\/\/weentime.pi2r-dev.tech\/#website\"},\"datePublished\":\"2022-08-04T13:00:25+00:00\",\"dateModified\":\"2023-08-31T12:26:44+00:00\",\"description\":\"Optimisez la gestion des missions et le suivi de vos employ\u00e9s avec notre solution weentime. Am\u00e9liorez votre productivit\u00e9 d\u00e8s maintenant.\",\"breadcrumb\":{\"@id\":\"https:\/\/weentime.pi2r-dev.tech\/missions\/#breadcrumb\"},\"inLanguage\":\"en-US\",\"potentialAction\":[{\"@type\":\"ReadAction\",\"target\":[\"https:\/\/weentime.pi2r-dev.tech\/missions\/\"]}]},{\"@type\":\"BreadcrumbList\",\"@id\":\"https:\/\/weentime.pi2r-dev.tech\/missions\/#breadcrumb\",\"itemListElement\":[{\"@type\":\"ListItem\",\"position\":1,\"name\":\"Home\",\"item\":\"https:\/\/weentime.pi2r-dev.tech\/\"},{\"@type\":\"ListItem\",\"position\":2,\"name\":\"Gestion des missions\"}]},{\"@type\":\"WebSite\",\"@id\":\"https:\/\/weentime.pi2r-dev.tech\/#website\",\"url\":\"https:\/\/weentime.pi2r-dev.tech\/\",\"name\":\"WEENTIME\",\"description\":\"Weentime | Solution SAAS\",\"publisher\":{\"@id\":\"https:\/\/weentime.pi2r-dev.tech\/#organization\"},\"potentialAction\":[{\"@type\":\"SearchAction\",\"target\":{\"@type\":\"EntryPoint\",\"urlTemplate\":\"https:\/\/weentime.pi2r-dev.tech\/?s={search_term_string}\"},\"query-input\":\"required name=search_term_string\"}],\"inLanguage\":\"en-US\"},{\"@type\":\"Organization\",\"@id\":\"https:\/\/weentime.pi2r-dev.tech\/#organization\",\"name\":\"WEENTIME\",\"url\":\"https:\/\/weentime.pi2r-dev.tech\/\",\"logo\":{\"@type\":\"ImageObject\",\"inLanguage\":\"en-US\",\"@id\":\"https:\/\/weentime.pi2r-dev.tech\/#\/schema\/logo\/image\/\",\"url\":\"https:\/\/weentime.pi2r-dev.tech\/wp-content\/uploads\/2026\/05\/logo.png\",\"contentUrl\":\"https:\/\/weentime.pi2r-dev.tech\/wp-content\/uploads\/2026\/05\/logo.png\",\"width\":450,\"height\":135,\"caption\":\"WEENTIME\"},\"image\":{\"@id\":\"https:\/\/weentime.pi2r-dev.tech\/#\/schema\/logo\/image\/\"},\"sameAs\":[\"https:\/\/www.facebook.com\/weentimerh\",\"https:\/\/www.linkedin.com\/company\/weentime\/\"]}]}<\/script>\n<!-- \/ Yoast SEO plugin. -->","yoast_head_json":{"title":"Solution de Gestion des Missions et de Suivi des Employ\u00e9s","description":"Optimisez la gestion des missions et le suivi de vos employ\u00e9s avec notre solution weentime. Am\u00e9liorez votre productivit\u00e9 d\u00e8s maintenant.","robots":{"index":"index","follow":"follow","max-snippet":"max-snippet:-1","max-image-preview":"max-image-preview:large","max-video-preview":"max-video-preview:-1"},"canonical":"https:\/\/weentime.pi2r-dev.tech\/en\/missions\/","og_locale":"en_US","og_type":"article","og_title":"Solution de Gestion des Missions et de Suivi des Employ\u00e9s","og_description":"Optimisez la gestion des missions et le suivi de vos employ\u00e9s avec notre solution weentime. Am\u00e9liorez votre productivit\u00e9 d\u00e8s maintenant.","og_url":"https:\/\/weentime.pi2r-dev.tech\/en\/missions\/","og_site_name":"Weentime","article_publisher":"https:\/\/www.facebook.com\/weentimerh","article_modified_time":"2023-08-31T12:26:44+00:00","twitter_card":"summary_large_image","twitter_misc":{"Est. reading time":"1 minute"},"schema":{"@context":"https:\/\/schema.org","@graph":[{"@type":"WebPage","@id":"https:\/\/weentime.pi2r-dev.tech\/missions\/","url":"https:\/\/weentime.pi2r-dev.tech\/missions\/","name":"Solution de Gestion des Missions et de Suivi des Employ\u00e9s","isPartOf":{"@id":"https:\/\/weentime.pi2r-dev.tech\/#website"},"datePublished":"2022-08-04T13:00:25+00:00","dateModified":"2023-08-31T12:26:44+00:00","description":"Optimisez la gestion des missions et le suivi de vos employ\u00e9s avec notre solution weentime. Am\u00e9liorez votre productivit\u00e9 d\u00e8s maintenant.","breadcrumb":{"@id":"https:\/\/weentime.pi2r-dev.tech\/missions\/#breadcrumb"},"inLanguage":"en-US","potentialAction":[{"@type":"ReadAction","target":["https:\/\/weentime.pi2r-dev.tech\/missions\/"]}]},{"@type":"BreadcrumbList","@id":"https:\/\/weentime.pi2r-dev.tech\/missions\/#breadcrumb","itemListElement":[{"@type":"ListItem","position":1,"name":"Home","item":"https:\/\/weentime.pi2r-dev.tech\/"},{"@type":"ListItem","position":2,"name":"Gestion des missions"}]},{"@type":"WebSite","@id":"https:\/\/weentime.pi2r-dev.tech\/#website","url":"https:\/\/weentime.pi2r-dev.tech\/","name":"WEENTIME","description":"Weentime | Solution SAAS","publisher":{"@id":"https:\/\/weentime.pi2r-dev.tech\/#organization"},"potentialAction":[{"@type":"SearchAction","target":{"@type":"EntryPoint","urlTemplate":"https:\/\/weentime.pi2r-dev.tech\/?s={search_term_string}"},"query-input":"required name=search_term_string"}],"inLanguage":"en-US"},{"@type":"Organization","@id":"https:\/\/weentime.pi2r-dev.tech\/#organization","name":"WEENTIME","url":"https:\/\/weentime.pi2r-dev.tech\/","logo":{"@type":"ImageObject","inLanguage":"en-US","@id":"https:\/\/weentime.pi2r-dev.tech\/#\/schema\/logo\/image\/","url":"https:\/\/weentime.pi2r-dev.tech\/wp-content\/uploads\/2026\/05\/logo.png","contentUrl":"https:\/\/weentime.pi2r-dev.tech\/wp-content\/uploads\/2026\/05\/logo.png","width":450,"height":135,"caption":"WEENTIME"},"image":{"@id":"https:\/\/weentime.pi2r-dev.tech\/#\/schema\/logo\/image\/"},"sameAs":["https:\/\/www.facebook.com\/weentimerh","https:\/\/www.linkedin.com\/company\/weentime\/"]}]}},"_links":{"self":[{"href":"https:\/\/weentime.pi2r-dev.tech\/en\/wp-json\/wp\/v2\/pages\/552"}],"collection":[{"href":"https:\/\/weentime.pi2r-dev.tech\/en\/wp-json\/wp\/v2\/pages"}],"about":[{"href":"https:\/\/weentime.pi2r-dev.tech\/en\/wp-json\/wp\/v2\/types\/page"}],"author":[{"embeddable":true,"href":"https:\/\/weentime.pi2r-dev.tech\/en\/wp-json\/wp\/v2\/users\/1"}],"replies":[{"embeddable":true,"href":"https:\/\/weentime.pi2r-dev.tech\/en\/wp-json\/wp\/v2\/comments?post=552"}],"version-history":[{"count":11,"href":"https:\/\/weentime.pi2r-dev.tech\/en\/wp-json\/wp\/v2\/pages\/552\/revisions"}],"predecessor-version":[{"id":1208,"href":"https:\/\/weentime.pi2r-dev.tech\/en\/wp-json\/wp\/v2\/pages\/552\/revisions\/1208"}],"wp:attachment":[{"href":"https:\/\/weentime.pi2r-dev.tech\/en\/wp-json\/wp\/v2\/media?parent=552"}],"curies":[{"name":"wp","href":"https:\/\/api.w.org\/{rel}","templated":true}]}}