{"id":549,"date":"2022-08-04T12:59:27","date_gmt":"2022-08-04T12:59:27","guid":{"rendered":"http:\/\/weentime.com\/?page_id=549"},"modified":"2026-04-20T16:53:39","modified_gmt":"2026-04-20T16:53:39","slug":"teletravail","status":"publish","type":"page","link":"https:\/\/weentime.pi2r-dev.tech\/en\/teletravail\/","title":{"rendered":"Gestion de l&#8217;activit\u00e9 en T\u00e9l\u00e9travail"},"content":{"rendered":"<div class=\"vce-row-container\" data-vce-boxed-width=\"true\"><div class=\"vce-row vce-row--col-gap-30 vce-row-equal-height vce-row-content--top\" id=\"el-5d91ddbe\" data-vce-do-apply=\"all el-5d91ddbe\"><div class=\"vce-row-content\" data-vce-element-content=\"true\"><div class=\"vce-col vce-col--md-auto vce-col--xs-1 vce-col--xs-last vce-col--xs-first vce-col--sm-last vce-col--sm-first vce-col--md-last vce-col--lg-last vce-col--xl-last vce-col--md-first vce-col--lg-first vce-col--xl-first\" id=\"el-9b2eaa8f\"><div class=\"vce-col-inner\" data-vce-do-apply=\"border margin background  el-9b2eaa8f\"><div class=\"vce-col-content\" data-vce-element-content=\"true\" data-vce-do-apply=\"padding el-9b2eaa8f\"><section class=\"vce-feature-section-container vce-feature-section-media--xs\"><div class=\"vce vce-feature-section vce-feature-section--min-height page-content-with-img-block vce-feature-section-background-color--b-237-237-237\" id=\"el-3e8e30eb\" data-vce-do-apply=\"margin background border  el-3e8e30eb\"><div class=\"vce-feature-section-image vce-feature-section-image--alignment-left vce-feature-section-image--background-position-center-center\" style=\"background-image: url('https:\/\/weentime.pi2r-dev.tech\/wp-content\/uploads\/2023\/08\/visuel-Weentime-47.png');\"><\/div><div class=\"vce-feature-section-content\"><div class=\"vce-feature-section-content-container\" data-vce-do-apply=\"padding el-3e8e30eb\"><div class=\"vce-feature-section-description\"><h2 style=\"text-align: left;\">Pilotez efficacement le t\u00e9l\u00e9travail tout en gardant une visibilit\u00e9 sur l\u2019activit\u00e9 de vos \u00e9quipes.<\/h2><br><p>WeenTime vous permet de planifier, suivre et analyser les p\u00e9riodes de t\u00e9l\u00e9travail afin d\u2019assurer continuit\u00e9 op\u00e9rationnelle, transparence manag\u00e9riale et organisation optimale des \u00e9quipes hybrides.<\/p><br><ul><br> \t<li><strong>Planification flexible du t\u00e9l\u00e9travail<\/strong><p>D\u00e9finissez facilement des jours fixes, ponctuels ou des p\u00e9riodes longues selon votre organisation.<\/p><\/li><br> \t<li><strong>Suivi r\u00e9el de l\u2019activit\u00e9<\/strong><p>Visualisez en temps r\u00e9el les jours travaill\u00e9s \u00e0 distance, en pr\u00e9sentiel ou en mission<\/p><\/li><br> \t<li><strong>Workflow de validation automatis\u00e9<\/strong><p>Les demandes de t\u00e9l\u00e9travail suivent un processus clair de validation par les managers et RH.<\/p><\/li><br> \t<li><strong>Tableaux de bord managers<\/strong><p>Acc\u00e9dez instantan\u00e9ment \u00e0 la disponibilit\u00e9 et au mode de travail de chaque collaborateur.<\/p><\/li><br><\/ul><\/div><div class=\"vce-button--style-outline-container vce-button--style-outline-container--align-left\"><span class=\"vce-button--style-outline-wrapper vce\" id=\"el-477346f1\" data-vce-do-apply=\"margin el-477346f1\"><a class=\"vce-button vce-button--style-outline-animated vce-button--style-outline--border-round vce-button--style-outline--size-medium vce-button--style-outline-animated--color-b-29-100-197--fff--3d3d3d vce-button--style-outline-animated--border-color-b-75-184-231--3d3d3d vce-button--style-outline-animated--background-color-b-75-184-231\" href=\"https:\/\/app.weentime.com\/fr\/inscription\" title=\"gestion des cong\u00e9s logiciel\" data-vce-do-apply=\"padding border background  el-477346f1\"><span class=\"vce-button--style-outline-text\">Essayez gratuitement<\/span><\/a><\/span><\/div><\/div><\/div><\/div><\/section><div class=\"vce vce-separator-container vce-separator--align-center vce-separator--style-solid\" id=\"el-29299921\" data-vce-do-apply=\"margin el-29299921\"><div class=\"vce-separator vce-separator--color-bfc0c1 vce-separator--width-60 vce-separator--thickness-1\" data-vce-do-apply=\"border padding background  el-29299921\"><\/div><\/div><div class=\"vce-row-container\" data-vce-boxed-width=\"true\"><div class=\"vce-row vce-row--col-gap-30 vce-row-equal-height vce-row-content--top\" id=\"el-756a17a3\" data-vce-do-apply=\"all el-756a17a3\"><div class=\"vce-row-content\" data-vce-element-content=\"true\"><div class=\"vce-col vce-col--md-auto vce-col--xs-1 vce-col--xs-last vce-col--xs-first vce-col--sm-last vce-col--sm-first vce-col--md-first vce-col--lg-first vce-col--xl-first\" id=\"el-fb6e0e54\"><div class=\"vce-col-inner\" data-vce-do-apply=\"border margin background  el-fb6e0e54\"><div class=\"vce-col-content\" data-vce-element-content=\"true\" data-vce-do-apply=\"padding el-fb6e0e54\"><div class=\"vce-text-block\"><div class=\"vce-text-block-wrapper vce\" id=\"el-32c3715f\" data-vce-do-apply=\"all el-32c3715f\"><h2>Solutions pour travail \u00e0 distance<\/h2><p><span style=\"font-size: medium;\">L\u2019ex\u00e9cution effective des p\u00e9riodes de t\u00e9l\u00e9travail peut \u00eatre suivie \u00e0 l\u2019aide de Weentime. Ainsi, il sera possible de consigner les jours r\u00e9ellement effectu\u00e9s en t\u00e9l\u00e9travail, ainsi que les changements ayant survenus tels quel les cong\u00e9s, les <strong><span style=\"font-size: medium; color: #024cbb;\">missions en client\u00e8les<\/span><\/strong>, le travail en pr\u00e9sentiel et autre.<\/span><\/p><\/div><\/div><\/div><\/div><\/div><div class=\"vce-col vce-col--md-auto vce-col--xs-1 vce-col--xs-last vce-col--xs-first vce-col--sm-last vce-col--sm-first\" id=\"el-605cdb9d\"><div class=\"vce-col-inner\" data-vce-do-apply=\"border margin background  el-605cdb9d\"><div class=\"vce-col-content\" data-vce-element-content=\"true\" data-vce-do-apply=\"padding el-605cdb9d\"><div class=\"vce-single-image-container vce-single-image--align-left\"><div class=\"vce vce-single-image-wrapper\" id=\"el-ac5a21d6\" data-vce-do-apply=\"all el-ac5a21d6\"><figure><div class=\"vce-single-image-figure-inner\" style=\"width: 940px;\"><div class=\"vce-single-image-inner vce-single-image--absolute\" style=\"width: 100%; padding-bottom: 83.8298%;\"><img loading=\"lazy\" class=\"vce-single-image\"  width=\"940\" height=\"788\" srcset=\"https:\/\/weentime.pi2r-dev.tech\/wp-content\/uploads\/2026\/04\/visuel-Weentime--320x268.jpg 320w,https:\/\/weentime.pi2r-dev.tech\/wp-content\/uploads\/2026\/04\/visuel-Weentime--480x402.jpg 480w,https:\/\/weentime.pi2r-dev.tech\/wp-content\/uploads\/2026\/04\/visuel-Weentime--800x671.jpg 800w,https:\/\/weentime.pi2r-dev.tech\/wp-content\/uploads\/2026\/04\/visuel-Weentime--940x788.jpg 940w\" src=\"https:\/\/weentime.pi2r-dev.tech\/wp-content\/uploads\/2026\/04\/visuel-Weentime--940x788.jpg\" data-img-src=\"https:\/\/weentime.pi2r-dev.tech\/wp-content\/uploads\/2023\/08\/visuel-Weentime-.jpg\" alt=\"Solutions pour travail \u00e0 distance\" title=\"Solutions pour travail \u00e0 distance\" \/><\/div><\/div><figcaption hidden=\"\"><\/figcaption><\/figure><\/div><\/div><\/div><\/div><\/div><div class=\"vce-col vce-col--md-auto vce-col--xs-1 vce-col--xs-last vce-col--xs-first vce-col--sm-last vce-col--sm-first vce-col--md-last vce-col--lg-last vce-col--xl-last\" id=\"el-9058a93c\"><div class=\"vce-col-inner\" data-vce-do-apply=\"border margin background  el-9058a93c\"><div class=\"vce-col-content\" data-vce-element-content=\"true\" data-vce-do-apply=\"padding el-9058a93c\"><div class=\"vce-text-block\"><div class=\"vce-text-block-wrapper vce\" id=\"el-9d985dbd\" data-vce-do-apply=\"all el-9d985dbd\"><h2>Gestion des employ\u00e9s en t\u00e9l\u00e9travail<\/h2><p><span style=\"font-size: medium;\">Weentime g\u00e9n\u00e8re des tableaux de bord permettant de suivre toute l\u2019activit\u00e9 de chaque employ\u00e9 que ce soit en t\u00e9l\u00e9travail ou bien lors des <\/span><strong><span style=\"font-size: medium; color: #024cbb;\">missions en client\u00e8le<\/span><\/strong><span style=\"font-size: medium;\">, en plus des <\/span><strong><span style=\"font-size: medium; color: #024cbb;\">cong\u00e9s<\/span><\/strong><span style=\"font-size: medium;\"> et <\/span><strong><span style=\"font-size: medium; color: #024cbb;\">absences<\/span><\/strong><span style=\"font-size: medium;\"> ainsi que les <\/span><strong><span style=\"font-size: medium; color: #024cbb;\">retards<\/span><\/strong><span style=\"font-size: medium;\"> et les <\/span><strong><span style=\"font-size: medium; color: #024cbb;\">sorties<\/span><\/strong><span style=\"font-size: medium;\"> durant les horaires de travail.<\/span><\/p><\/div><\/div><\/div><\/div><\/div><\/div><\/div><\/div><\/div><\/div><\/div><\/div><\/div><\/div><div class=\"vce-row-container\" data-vce-boxed-width=\"true\"><div class=\"vce-row vce-row--col-gap-30 vce-row-equal-height vce-row-content--top\" id=\"el-99e697b9\" data-vce-do-apply=\"all el-99e697b9\"><div class=\"vce-row-content\" data-vce-element-content=\"true\"><div class=\"vce-col vce-col--md-auto vce-col--xs-1 vce-col--xs-last vce-col--xs-first vce-col--sm-last vce-col--sm-first vce-col--md-last vce-col--lg-last vce-col--xl-last vce-col--md-first vce-col--lg-first vce-col--xl-first\" id=\"el-a5865514\"><div class=\"vce-col-inner\" data-vce-do-apply=\"border margin background  el-a5865514\"><div class=\"vce-col-content\" data-vce-element-content=\"true\" data-vce-do-apply=\"padding el-a5865514\"><div class=\"vce vce-separator-container vce-separator--align-center vce-separator--style-solid\" id=\"el-ddd4dede\" data-vce-do-apply=\"margin el-ddd4dede\"><div class=\"vce-separator vce-separator--color-bfc0c1 vce-separator--width-60 vce-separator--thickness-1\" data-vce-do-apply=\"border padding background  el-ddd4dede\"><\/div><\/div><div class=\"vce-text-block page-content-with-img-block-p\"><div class=\"vce-text-block-wrapper vce\" id=\"el-9b360396\" data-vce-do-apply=\"all el-9b360396\">Le t\u00e9l\u00e9travail est d\u00e9sormais ancr\u00e9 dans la culture organisationnelle moderne. En 2026, l\u2019enjeu pour les entreprises n\u2019est plus de l'autoriser par n\u00e9cessit\u00e9, mais de l'int\u00e9grer de mani\u00e8re fluide et durable pour r\u00e9pondre aux attentes de flexibilit\u00e9 tout en optimisant l'occupation des espaces physiques.<br><br>Cependant, la g\u00e9n\u00e9ralisation de ce mode hybride soul\u00e8ve de nouveaux d\u00e9fis op\u00e9rationnels. Le principal obstacle r\u00e9side dans la visibilit\u00e9 en temps r\u00e9el des effectifs : savoir qui est pr\u00e9sent, qui travaille \u00e0 distance, et assurer une coordination efficace entre les \u00e9quipes pour maintenir le lien social.<br><br><p>Pour r\u00e9pondre \u00e0 cette complexit\u00e9, la planification repose d\u00e9sormais sur un workflow collaboratif permettant de structurer et de valider les pr\u00e9sences selon diff\u00e9rents formats :<br><\/p><br><p><strong>Ponctuel<\/strong> : pour des besoins sp\u00e9cifiques allant d\u2019une journ\u00e9e \u00e0 quelques jours.<\/p><br><p><strong>R\u00e9current<\/strong> : via un agenda hebdomadaire d\u00e9finissant des jours ou des demi-journ\u00e9es fixes de t\u00e9l\u00e9travail.<\/p><br><p><strong>Saisonnier ou Long terme <\/strong>: pour des p\u00e9riodes \u00e9tendues de plusieurs semaines ou mois, facilitant ainsi la gestion des \"nomades digitaux\" ou des projets d\u00e9localis\u00e9s.<\/p><\/div><\/div><\/div><\/div><\/div><\/div><\/div><\/div>","protected":false},"excerpt":{"rendered":"<p>Pilotez efficacement le t\u00e9l\u00e9travail tout en gardant une visibilit\u00e9 sur l\u2019activit\u00e9 de vos \u00e9quipes.WeenTime vous permet de planifier, suivre et analyser les p\u00e9riodes de t\u00e9l\u00e9travail afin d\u2019assurer continuit\u00e9 op\u00e9rationnelle, transparence manag\u00e9riale et organisation optimale des \u00e9quipes hybrides. Planification flexible du t\u00e9l\u00e9travailD\u00e9finissez facilement des jours fixes, ponctuels ou des p\u00e9riodes longues selon votre organisation. Suivi r\u00e9el &hellip;<\/p>\n<p class=\"read-more\"> <a class=\"\" href=\"https:\/\/weentime.pi2r-dev.tech\/en\/teletravail\/\"> <span class=\"screen-reader-text\">Gestion de l&#8217;activit\u00e9 en T\u00e9l\u00e9travail<\/span> Read More &raquo;<\/a><\/p>","protected":false},"author":1,"featured_media":0,"parent":0,"menu_order":0,"comment_status":"closed","ping_status":"closed","template":"","meta":{"site-sidebar-layout":"default","site-content-layout":"default","ast-global-header-display":"","ast-main-header-display":"","ast-hfb-above-header-display":"","ast-hfb-below-header-display":"","ast-hfb-mobile-header-display":"","site-post-title":"","ast-breadcrumbs-content":"","ast-featured-img":"","footer-sml-layout":"","theme-transparent-header-meta":"default","adv-header-id-meta":"","stick-header-meta":"","header-above-stick-meta":"","header-main-stick-meta":"","header-below-stick-meta":""},"yoast_head":"<!-- This site is optimized with the Yoast SEO plugin v20.2 - https:\/\/yoast.com\/wordpress\/plugins\/seo\/ -->\n<title>Meilleur Logiciel de Suivi du T\u00e9l\u00e9travail - Weentime<\/title>\n<meta name=\"description\" content=\"Optimisez la gestion du t\u00e9l\u00e9travail avec le logiciel de suivi le plus performant, pour une productivit\u00e9 accrue avec Weentime.\" \/>\n<meta name=\"robots\" content=\"index, follow, max-snippet:-1, max-image-preview:large, max-video-preview:-1\" \/>\n<link rel=\"canonical\" href=\"https:\/\/weentime.pi2r-dev.tech\/en\/teletravail\/\" \/>\n<meta property=\"og:locale\" content=\"en_US\" \/>\n<meta property=\"og:type\" content=\"article\" \/>\n<meta property=\"og:title\" content=\"Meilleur Logiciel de Suivi du T\u00e9l\u00e9travail - Weentime\" \/>\n<meta property=\"og:description\" content=\"Optimisez la gestion du t\u00e9l\u00e9travail avec le logiciel de suivi le plus performant, pour une productivit\u00e9 accrue avec Weentime.\" \/>\n<meta property=\"og:url\" content=\"https:\/\/weentime.pi2r-dev.tech\/en\/teletravail\/\" \/>\n<meta property=\"og:site_name\" content=\"Weentime\" \/>\n<meta property=\"article:publisher\" content=\"https:\/\/www.facebook.com\/weentimerh\" \/>\n<meta property=\"article:modified_time\" content=\"2026-04-20T16:53:39+00:00\" \/>\n<meta name=\"twitter:card\" content=\"summary_large_image\" \/>\n<meta name=\"twitter:label1\" content=\"Est. reading time\" \/>\n\t<meta name=\"twitter:data1\" content=\"2 minutes\" \/>\n<script type=\"application\/ld+json\" class=\"yoast-schema-graph\">{\"@context\":\"https:\/\/schema.org\",\"@graph\":[{\"@type\":\"WebPage\",\"@id\":\"https:\/\/weentime.pi2r-dev.tech\/teletravail\/\",\"url\":\"https:\/\/weentime.pi2r-dev.tech\/teletravail\/\",\"name\":\"Meilleur Logiciel de Suivi du T\u00e9l\u00e9travail - Weentime\",\"isPartOf\":{\"@id\":\"https:\/\/weentime.pi2r-dev.tech\/#website\"},\"datePublished\":\"2022-08-04T12:59:27+00:00\",\"dateModified\":\"2026-04-20T16:53:39+00:00\",\"description\":\"Optimisez la gestion du t\u00e9l\u00e9travail avec le logiciel de suivi le plus performant, pour une productivit\u00e9 accrue avec Weentime.\",\"breadcrumb\":{\"@id\":\"https:\/\/weentime.pi2r-dev.tech\/teletravail\/#breadcrumb\"},\"inLanguage\":\"en-US\",\"potentialAction\":[{\"@type\":\"ReadAction\",\"target\":[\"https:\/\/weentime.pi2r-dev.tech\/teletravail\/\"]}]},{\"@type\":\"BreadcrumbList\",\"@id\":\"https:\/\/weentime.pi2r-dev.tech\/teletravail\/#breadcrumb\",\"itemListElement\":[{\"@type\":\"ListItem\",\"position\":1,\"name\":\"Home\",\"item\":\"https:\/\/weentime.pi2r-dev.tech\/\"},{\"@type\":\"ListItem\",\"position\":2,\"name\":\"Gestion de l&#8217;activit\u00e9 en T\u00e9l\u00e9travail\"}]},{\"@type\":\"WebSite\",\"@id\":\"https:\/\/weentime.pi2r-dev.tech\/#website\",\"url\":\"https:\/\/weentime.pi2r-dev.tech\/\",\"name\":\"WEENTIME\",\"description\":\"Weentime | Solution SAAS\",\"publisher\":{\"@id\":\"https:\/\/weentime.pi2r-dev.tech\/#organization\"},\"potentialAction\":[{\"@type\":\"SearchAction\",\"target\":{\"@type\":\"EntryPoint\",\"urlTemplate\":\"https:\/\/weentime.pi2r-dev.tech\/?s={search_term_string}\"},\"query-input\":\"required name=search_term_string\"}],\"inLanguage\":\"en-US\"},{\"@type\":\"Organization\",\"@id\":\"https:\/\/weentime.pi2r-dev.tech\/#organization\",\"name\":\"WEENTIME\",\"url\":\"https:\/\/weentime.pi2r-dev.tech\/\",\"logo\":{\"@type\":\"ImageObject\",\"inLanguage\":\"en-US\",\"@id\":\"https:\/\/weentime.pi2r-dev.tech\/#\/schema\/logo\/image\/\",\"url\":\"https:\/\/weentime.pi2r-dev.tech\/wp-content\/uploads\/2026\/05\/logo.png\",\"contentUrl\":\"https:\/\/weentime.pi2r-dev.tech\/wp-content\/uploads\/2026\/05\/logo.png\",\"width\":450,\"height\":135,\"caption\":\"WEENTIME\"},\"image\":{\"@id\":\"https:\/\/weentime.pi2r-dev.tech\/#\/schema\/logo\/image\/\"},\"sameAs\":[\"https:\/\/www.facebook.com\/weentimerh\",\"https:\/\/www.linkedin.com\/company\/weentime\/\"]}]}<\/script>\n<!-- \/ Yoast SEO plugin. -->","yoast_head_json":{"title":"Meilleur Logiciel de Suivi du T\u00e9l\u00e9travail - Weentime","description":"Optimisez la gestion du t\u00e9l\u00e9travail avec le logiciel de suivi le plus performant, pour une productivit\u00e9 accrue avec Weentime.","robots":{"index":"index","follow":"follow","max-snippet":"max-snippet:-1","max-image-preview":"max-image-preview:large","max-video-preview":"max-video-preview:-1"},"canonical":"https:\/\/weentime.pi2r-dev.tech\/en\/teletravail\/","og_locale":"en_US","og_type":"article","og_title":"Meilleur Logiciel de Suivi du T\u00e9l\u00e9travail - Weentime","og_description":"Optimisez la gestion du t\u00e9l\u00e9travail avec le logiciel de suivi le plus performant, pour une productivit\u00e9 accrue avec Weentime.","og_url":"https:\/\/weentime.pi2r-dev.tech\/en\/teletravail\/","og_site_name":"Weentime","article_publisher":"https:\/\/www.facebook.com\/weentimerh","article_modified_time":"2026-04-20T16:53:39+00:00","twitter_card":"summary_large_image","twitter_misc":{"Est. reading time":"2 minutes"},"schema":{"@context":"https:\/\/schema.org","@graph":[{"@type":"WebPage","@id":"https:\/\/weentime.pi2r-dev.tech\/teletravail\/","url":"https:\/\/weentime.pi2r-dev.tech\/teletravail\/","name":"Meilleur Logiciel de Suivi du T\u00e9l\u00e9travail - Weentime","isPartOf":{"@id":"https:\/\/weentime.pi2r-dev.tech\/#website"},"datePublished":"2022-08-04T12:59:27+00:00","dateModified":"2026-04-20T16:53:39+00:00","description":"Optimisez la gestion du t\u00e9l\u00e9travail avec le logiciel de suivi le plus performant, pour une productivit\u00e9 accrue avec Weentime.","breadcrumb":{"@id":"https:\/\/weentime.pi2r-dev.tech\/teletravail\/#breadcrumb"},"inLanguage":"en-US","potentialAction":[{"@type":"ReadAction","target":["https:\/\/weentime.pi2r-dev.tech\/teletravail\/"]}]},{"@type":"BreadcrumbList","@id":"https:\/\/weentime.pi2r-dev.tech\/teletravail\/#breadcrumb","itemListElement":[{"@type":"ListItem","position":1,"name":"Home","item":"https:\/\/weentime.pi2r-dev.tech\/"},{"@type":"ListItem","position":2,"name":"Gestion de l&#8217;activit\u00e9 en T\u00e9l\u00e9travail"}]},{"@type":"WebSite","@id":"https:\/\/weentime.pi2r-dev.tech\/#website","url":"https:\/\/weentime.pi2r-dev.tech\/","name":"WEENTIME","description":"Weentime | Solution SAAS","publisher":{"@id":"https:\/\/weentime.pi2r-dev.tech\/#organization"},"potentialAction":[{"@type":"SearchAction","target":{"@type":"EntryPoint","urlTemplate":"https:\/\/weentime.pi2r-dev.tech\/?s={search_term_string}"},"query-input":"required name=search_term_string"}],"inLanguage":"en-US"},{"@type":"Organization","@id":"https:\/\/weentime.pi2r-dev.tech\/#organization","name":"WEENTIME","url":"https:\/\/weentime.pi2r-dev.tech\/","logo":{"@type":"ImageObject","inLanguage":"en-US","@id":"https:\/\/weentime.pi2r-dev.tech\/#\/schema\/logo\/image\/","url":"https:\/\/weentime.pi2r-dev.tech\/wp-content\/uploads\/2026\/05\/logo.png","contentUrl":"https:\/\/weentime.pi2r-dev.tech\/wp-content\/uploads\/2026\/05\/logo.png","width":450,"height":135,"caption":"WEENTIME"},"image":{"@id":"https:\/\/weentime.pi2r-dev.tech\/#\/schema\/logo\/image\/"},"sameAs":["https:\/\/www.facebook.com\/weentimerh","https:\/\/www.linkedin.com\/company\/weentime\/"]}]}},"_links":{"self":[{"href":"https:\/\/weentime.pi2r-dev.tech\/en\/wp-json\/wp\/v2\/pages\/549"}],"collection":[{"href":"https:\/\/weentime.pi2r-dev.tech\/en\/wp-json\/wp\/v2\/pages"}],"about":[{"href":"https:\/\/weentime.pi2r-dev.tech\/en\/wp-json\/wp\/v2\/types\/page"}],"author":[{"embeddable":true,"href":"https:\/\/weentime.pi2r-dev.tech\/en\/wp-json\/wp\/v2\/users\/1"}],"replies":[{"embeddable":true,"href":"https:\/\/weentime.pi2r-dev.tech\/en\/wp-json\/wp\/v2\/comments?post=549"}],"version-history":[{"count":39,"href":"https:\/\/weentime.pi2r-dev.tech\/en\/wp-json\/wp\/v2\/pages\/549\/revisions"}],"predecessor-version":[{"id":1947,"href":"https:\/\/weentime.pi2r-dev.tech\/en\/wp-json\/wp\/v2\/pages\/549\/revisions\/1947"}],"wp:attachment":[{"href":"https:\/\/weentime.pi2r-dev.tech\/en\/wp-json\/wp\/v2\/media?parent=549"}],"curies":[{"name":"wp","href":"https:\/\/api.w.org\/{rel}","templated":true}]}}