{"id":41,"date":"2022-06-14T09:50:37","date_gmt":"2022-06-14T09:50:37","guid":{"rendered":"http:\/\/localhost\/weentime\/?page_id=41"},"modified":"2024-05-06T08:53:43","modified_gmt":"2024-05-06T08:53:43","slug":"presentation","status":"publish","type":"page","link":"https:\/\/weentime.pi2r-dev.tech\/en\/presentation\/","title":{"rendered":"Pr\u00e9sentation"},"content":{"rendered":"<div class=\"vce-row-container\" data-vce-boxed-width=\"true\"><div class=\"vce-row vce-row--col-gap-30 vce-row-equal-height vce-row-content--top\" id=\"el-359c16d1\" data-vce-do-apply=\"all el-359c16d1\"><div class=\"vce-content-background-container\"><\/div><div class=\"vce-row-content\" data-vce-element-content=\"true\"><div class=\"vce-col vce-col--md-95p vce-col--xs-1 vce-col--xs-last vce-col--xs-first vce-col--sm-last vce-col--sm-first vce-col--md-first vce-col--lg-first vce-col--xl-first\" id=\"el-05485909\"><div class=\"vce-col-inner\" data-vce-do-apply=\"border margin background  el-05485909\"><div class=\"vce-col-content\" data-vce-element-content=\"true\" data-vce-do-apply=\"padding el-05485909\"><div class=\"vce-text-block\"><div class=\"vce-text-block-wrapper vce\" id=\"el-3fddd94f\" data-vce-do-apply=\"all el-3fddd94f\"><h1 style=\"text-align: center;\">Logiciel de Gestion des cong\u00e9s et absences<\/h1>\n<p style=\"text-align: center;\"><strong><span style=\"font-size: 16pt;\">Le temps et l\u2019activit\u00e9 des employ\u00e9s, sont le tr\u00e9sor de chaque soci\u00e9t\u00e9.<\/span><\/strong><\/p><\/div><\/div><\/div><\/div><\/div><div class=\"vce-col vce-col--md-5p vce-col--xs-1 vce-col--xs-last vce-col--xs-first vce-col--sm-last vce-col--sm-first vce-col--md-last vce-col--lg-last vce-col--xl-last\" id=\"el-84885c82\"><div class=\"vce-col-inner\" data-vce-do-apply=\"border margin background  el-84885c82\"><div class=\"vce-col-content\" data-vce-element-content=\"true\" data-vce-do-apply=\"padding el-84885c82\"><div><\/div><\/div><\/div><\/div><\/div><\/div><\/div><div class=\"vce-row-container\" data-vce-boxed-width=\"true\"><div class=\"vce-row vce-row--col-gap-30 vce-row-equal-height vce-row-content--top\" id=\"el-f62a7e66\" data-vce-do-apply=\"all el-f62a7e66\"><div class=\"vce-row-content\" data-vce-element-content=\"true\"><div class=\"vce-col vce-col--md-50p vce-col--xs-1 vce-col--xs-last vce-col--xs-first vce-col--sm-last vce-col--sm-first vce-col--md-first vce-col--lg-first vce-col--xl-first\" id=\"el-43c3c52a\"><div class=\"vce-col-inner\" data-vce-do-apply=\"border margin background  el-43c3c52a\"><div class=\"vce-col-content\" data-vce-element-content=\"true\" data-vce-do-apply=\"padding el-43c3c52a\"><div class=\"vce-single-image-container vce-single-image--align-left\"><div class=\"vce vce-single-image-wrapper\" id=\"el-068fd191\" data-vce-do-apply=\"all el-068fd191\"><figure><div class=\"vce-single-image-figure-inner\" style=\"width: 1024px;\"><div class=\"vce-single-image-inner vce-single-image--absolute\" style=\"width: 100%; padding-bottom: 66.6016%;\"><img loading=\"lazy\" class=\"vce-single-image\"  width=\"1024\" height=\"682\" srcset=\"https:\/\/weentime.pi2r-dev.tech\/wp-content\/uploads\/2024\/05\/computer-g36d6228f8_1280-320x213.jpg 320w,https:\/\/weentime.pi2r-dev.tech\/wp-content\/uploads\/2024\/05\/computer-g36d6228f8_1280-480x320.jpg 480w,https:\/\/weentime.pi2r-dev.tech\/wp-content\/uploads\/2024\/05\/computer-g36d6228f8_1280-800x533.jpg 800w,https:\/\/weentime.pi2r-dev.tech\/wp-content\/uploads\/2024\/05\/computer-g36d6228f8_1280-1024x682.jpg 1024w\" src=\"https:\/\/weentime.pi2r-dev.tech\/wp-content\/uploads\/2024\/05\/computer-g36d6228f8_1280-1024x682.jpg\" data-img-src=\"https:\/\/weentime.pi2r-dev.tech\/wp-content\/uploads\/2023\/07\/computer-g36d6228f8_1280.jpg\" alt=\"Solution de gestion du temps et de l'activit\u00e9 des employ\u00e9s\" title=\"Solution de gestion du temps et de l&#039;activit\u00e9 des employ\u00e9s\" \/><\/div><\/div><figcaption hidden=\"\"><\/figcaption><\/figure><\/div><\/div><div class=\"vce vce-separator-container vce-separator--align-center vce-separator--style-solid\" id=\"el-22323aa8\" data-vce-do-apply=\"margin el-22323aa8\"><div class=\"vce-separator vce-separator--color-bfc0c1 vce-separator--width-60 vce-separator--thickness-1\" data-vce-do-apply=\"border padding background  el-22323aa8\"><\/div><\/div><div class=\"vce-text-block\"><div class=\"vce-text-block-wrapper vce\" id=\"el-2da89874\" data-vce-do-apply=\"all el-2da89874\"><h2 style=\"text-align: left;\">Gestion des horaires de travail<\/h2>\n<p>Avec Weentime vous n\u2019aurez plus de soucis pour <strong>ma\u00eetriser les absences<\/strong>,<strong> les retards et les sorties<\/strong> durant les horaires de travail. Avec le mode de gestion assist\u00e9e, Weentime d\u00e9tecte pour vous les retards et les absences ainsi que&nbsp; <strong>les sorties de bureau des employ\u00e9s<\/strong> durant les heures de travail. Que ce soit pour des rendez-vous m\u00e9dicaux, des engagements familiaux ou d'autres raisons, Weentime vous permettra de garder une trace pr\u00e9cise de toutes les sorties et vous permettra si vous le souhaitez d\u2019imputer cela sur le solde de cong\u00e9 ou bien sur la paie ou bien de g\u00e9rer la compensation faite par les employ\u00e9s.<\/p><\/div><\/div><div class=\"vce vce-separator-container vce-separator--align-center vce-separator--style-solid\" id=\"el-957b3875\" data-vce-do-apply=\"margin el-957b3875\"><div class=\"vce-separator vce-separator--color-bfc0c1 vce-separator--width-60 vce-separator--thickness-1\" data-vce-do-apply=\"border padding background  el-957b3875\"><\/div><\/div><div class=\"vce-text-block\"><div class=\"vce-text-block-wrapper vce\" id=\"el-7c2229d4\" data-vce-do-apply=\"all el-7c2229d4\"><h2>Gestion de l'activit\u00e9 en t\u00e9l\u00e9travail<\/h2>\n<p><span style=\"font-size: 15.4px;\">Avec Weentime, vous pouvez organiser de mani\u00e8re tr\u00e8s efficace l\u2019activit\u00e9 en t\u00e9l\u00e9travail. Vous mettez fin aux soucis li\u00e9s aux demandes parfois abusives de t\u00e9l\u00e9travail et surtout vous cadrez efficacement le t\u00e9l\u00e9travail des cadres s\u00e9rieux qui maintiennent le m\u00eame niveau de productivit\u00e9 en \u00e9tant en t\u00e9l\u00e9travail ou en pr\u00e9sentiel. Weentime vous met \u00e0 disposition un outil simple pour g\u00e9rer la planification ainsi que le suivi du t\u00e9l\u00e9travail qui a envahi plusieurs secteurs d\u2019activit\u00e9 ces derni\u00e8res ann\u00e9es<\/span><span style=\"font-size: 15.4px;\">.<\/span><\/p><\/div><\/div><\/div><\/div><\/div><div class=\"vce-col vce-col--md-50p vce-col--xs-1 vce-col--xs-last vce-col--xs-first vce-col--sm-last vce-col--sm-first vce-col--md-last vce-col--lg-last vce-col--xl-last\" id=\"el-dcd9bcde\"><div class=\"vce-col-inner\" data-vce-do-apply=\"border margin background  el-dcd9bcde\"><div class=\"vce-col-content\" data-vce-element-content=\"true\" data-vce-do-apply=\"padding el-dcd9bcde\"><div class=\"vce-text-block\"><div class=\"vce-text-block-wrapper vce\" id=\"el-94eb50e3\" data-vce-do-apply=\"all el-94eb50e3\"><p class=\"MsoNormal\" style=\"margin-bottom: 0.0001pt; line-height: normal; background-image: initial; background-position: initial; background-size: initial; background-repeat: initial; background-attachment: initial; background-origin: initial; background-clip: initial;\"><span style=\"font-size: 25.5pt; font-family: Arial, sans-serif;\">Solution de gestion des cong\u00e9s simple et efficace<\/span><\/p>\n<p class=\"MsoNormal\" style=\"margin-bottom: 0.0001pt; line-height: normal; background-image: initial; background-position: initial; background-size: initial; background-repeat: initial; background-attachment: initial; background-origin: initial; background-clip: initial;\">&nbsp;<\/p>\n<p class=\"MsoNormal\" style=\"margin: 0cm 23pt 0.0001pt 0cm; line-height: normal; background-image: initial; background-position: initial; background-size: initial; background-repeat: initial; background-attachment: initial; background-origin: initial; background-clip: initial;\"><span style=\"font-family: Arial, sans-serif;\"><span style=\"font-size: 15.3333px;\">Weentime permet \u00e0 tout employeur d\u2019am\u00e9liorer consid\u00e9rablement l\u2019efficience de ses employ\u00e9s \u00e0 travers une gestion tr\u00e8s simple et organis\u00e9e du temps et de l\u2019activit\u00e9. C\u2019est une solution logicielle tr\u00e8s conviviale qui offre un bouquet de services \u00e9tudi\u00e9s \u00e0 la fois pour les PME et les TPE ainsi que pour les grandes soci\u00e9t\u00e9s.<\/span><\/span><\/p><\/div><\/div><div class=\"vce vce-separator-container vce-separator--align-center vce-separator--style-solid\" id=\"el-afaa584d\" data-vce-do-apply=\"margin el-afaa584d\"><div class=\"vce-separator vce-separator--color-bfc0c1 vce-separator--width-60 vce-separator--thickness-1\" data-vce-do-apply=\"border padding background  el-afaa584d\"><\/div><\/div><section class=\"vce-feature-section-container vce-feature-section-media--xs\"><div class=\"vce vce-feature-section vce-feature-section--min-height vce-feature-section-background-color--ba-181-208-220-0-63\" id=\"el-9b3cba80\" data-vce-do-apply=\"margin background border  el-9b3cba80\"><div class=\"vce-feature-section-image vce-feature-section-image--alignment-left vce-feature-section-image--background-position-center-center\" style=\"background-image: url('https:\/\/weentime.pi2r-dev.tech\/wp-content\/uploads\/2023\/07\/student-g6207cd69d_1920.jpg');\"><\/div><div class=\"vce-feature-section-content\"><div class=\"vce-feature-section-content-container\" data-vce-do-apply=\"padding el-9b3cba80\"><div class=\"vce-feature-section-description\"><h1>logiciel de gestion des cong\u00e9s en ligne<\/h1>\n<p>Quelle que soit la nature de votre activit\u00e9 et la taille de votre projet ou soci\u00e9t\u00e9, Weentime comprend des outils pour les employ\u00e9s, des outils pour le responsable des ressources humaines, des outils pour les assistantes dans les petites soci\u00e9t\u00e9s et bien entendu des outils pour les chefs d\u2019entreprise.<\/p><\/div><div class=\"vce-button--style-outline-container vce-button--style-outline-container--align-left\"><span class=\"vce-button--style-outline-wrapper vce\" id=\"el-89ecb726\" data-vce-do-apply=\"margin el-89ecb726\"><a class=\"vce-button vce-button--style-outline-animated vce-button--style-outline--border-round vce-button--style-outline--size-medium vce-button--style-outline-animated--color-ba-75-184-231-0-63--fff--3d3d3d vce-button--style-outline-animated--border-color-ba-75-184-231-0-63--3d3d3d vce-button--style-outline-animated--background-color-ba-75-184-231-0-63\" href=\"https:\/\/app.weentime.com\/fr\/inscription\" title=\"gestion de t\u00e9l\u00e9travail et cong\u00e9 pay\u00e9 \" data-vce-do-apply=\"padding border background  el-89ecb726\"><span class=\"vce-button--style-outline-text\">Essai Gratuit<\/span><\/a><\/span><\/div><\/div><\/div><\/div><\/section><div class=\"vce-text-block\"><div class=\"vce-text-block-wrapper vce\" id=\"el-5f0be85e\" data-vce-do-apply=\"all el-5f0be85e\"><\/div><\/div><\/div><\/div><\/div><\/div><\/div><\/div><div class=\"vce-row-container\" data-vce-boxed-width=\"true\"><div class=\"vce-row vce-row--col-gap-30 vce-row-equal-height vce-row-content--top\" id=\"el-ea94b3e1\" data-vce-do-apply=\"all el-ea94b3e1\"><div class=\"vce-row-content\" data-vce-element-content=\"true\"><div class=\"vce-col vce-col--md-auto vce-col--xs-1 vce-col--xs-last vce-col--xs-first vce-col--sm-last vce-col--sm-first vce-col--md-last vce-col--lg-last vce-col--xl-last vce-col--md-first vce-col--lg-first vce-col--xl-first\" id=\"el-30780e9c\"><div class=\"vce-col-inner\" data-vce-do-apply=\"border margin background  el-30780e9c\"><div class=\"vce-col-content\" data-vce-element-content=\"true\" data-vce-do-apply=\"padding el-30780e9c\"><div class=\"vce-text-block\"><div class=\"vce-text-block-wrapper vce\" id=\"el-133a660a\" data-vce-do-apply=\"all el-133a660a\"><h2>Solution de suivi du temps de travail des employ\u00e9s<\/h2>\n<p>Weentime vous offre une gestion partag\u00e9e des cong\u00e9s et absences de vos collaborateurs. Il s'agit d'une solution compl\u00e8te et efficace con\u00e7ue pour simplifier la gestion des cong\u00e9s et des absences au sein de votre entreprise. Gr\u00e2ce \u00e0 un outil convivial, vous pourrez suivre facilement les demandes de cong\u00e9s, les absences non planifi\u00e9es, les cong\u00e9s maladie, les cong\u00e9s pay\u00e9s, les cong\u00e9s exceptionnels pr\u00e9vus dans les conventions collectives, les cong\u00e9s sans solde, et bien plus encore. Avec un outil performant pour ma\u00eetriser les absences des employ\u00e9s, vous pourrez optimiser la gestion des ressources humaines de votre entreprise. Les employ\u00e9s peuvent soumettre leurs demandes de cong\u00e9s en ligne, tandis que les responsables disposent d'un processus de validation simplifi\u00e9. Gr\u00e2ce aux rapports d\u00e9taill\u00e9s, vous aurez une meilleure visibilit\u00e9 pour le suivi de la pr\u00e9sence.<\/p><\/div><\/div><div class=\"vce-feature-description vce\" id=\"el-b402ec91\" data-vce-do-apply=\"all el-b402ec91\"><div><div class=\"vce-feature-description-image-wrapper vce-feature-description-image-align--center\" style=\"width: 300px;\"><div class=\"vce-feature-description-image vce-features-shape--filled-circle vce-feature-description-image--background-position-center-center\" style=\"background-image: url('https:\/\/weentime.pi2r-dev.tech\/wp-content\/uploads\/2022\/06\/weentime-1.jpg'); padding: 0px 0px 100%;\"><\/div><\/div><div class=\"vce-feature-description-content\"><h3 style=\"text-transform: uppercase; text-align: center;\"><span style=\"font-size: 12pt;\">Weentime : Une solution logicielle agile, conviviale et s\u00e9curis\u00e9e avec des avantages multiples<\/span><\/h3>\n<p style=\"text-align: center;\"><span style=\"font-size: 15.4px;\">Weentime est con\u00e7u sous forme de processus modernes impliquant des workflows agiles, conviviaux et particuli\u00e8rement fiables et s\u00e9curis\u00e9s. Les avantages de Weentime sont tr\u00e8s nombreux, en commen\u00e7ant par un retour sur investissement imm\u00e9diat.<\/span><\/p><\/div><div class=\"vce-button--style-outline-container vce-button--style-outline-container--align-center\"><span class=\"vce-button--style-outline-wrapper vce\" id=\"el-9b7c186e\" data-vce-do-apply=\"margin el-9b7c186e\"><a class=\"vce-button vce-button--style-outline-animated vce-button--style-outline--border-round vce-button--style-outline--size-medium vce-button--style-outline-animated--color-ba-75-184-231-0-63--fff--3d3d3d vce-button--style-outline-animated--border-color-ba-75-184-231-0-63--3d3d3d vce-button--style-outline-animated--background-color-ba-75-184-231-0-63\" href=\"https:\/\/app.weentime.com\/fr\/inscription\" title=\"gestion de t\u00e9l\u00e9travail et cong\u00e9\" data-vce-do-apply=\"padding border background  el-9b7c186e\"><span class=\"vce-button--style-outline-text\">Essayez maintenant<\/span><\/a><\/span><\/div><\/div><\/div><div class=\"vce vce-separator-container vce-separator--align-center vce-separator--style-solid\" id=\"el-b53baa49\" data-vce-do-apply=\"margin el-b53baa49\"><div class=\"vce-separator vce-separator--color-bfc0c1 vce-separator--width-60 vce-separator--thickness-1\" data-vce-do-apply=\"border padding background  el-b53baa49\"><\/div><\/div><\/div><\/div><\/div><\/div><\/div><\/div>","protected":false},"excerpt":{"rendered":"<p>Logiciel de Gestion des cong\u00e9s et absences Le temps et l\u2019activit\u00e9 des employ\u00e9s, sont le tr\u00e9sor de chaque soci\u00e9t\u00e9.Gestion des horaires de travail Avec Weentime vous n\u2019aurez plus de soucis pour ma\u00eetriser les absences, les retards et les sorties durant les horaires de travail. Avec le mode de gestion assist\u00e9e, Weentime d\u00e9tecte pour vous les &hellip;<\/p>\n<p class=\"read-more\"> <a class=\"\" href=\"https:\/\/weentime.pi2r-dev.tech\/en\/presentation\/\"> <span class=\"screen-reader-text\">Pr\u00e9sentation<\/span> Read More &raquo;<\/a><\/p>","protected":false},"author":1,"featured_media":0,"parent":0,"menu_order":0,"comment_status":"closed","ping_status":"closed","template":"","meta":{"site-sidebar-layout":"default","site-content-layout":"default","ast-global-header-display":"","ast-main-header-display":"","ast-hfb-above-header-display":"","ast-hfb-below-header-display":"","ast-hfb-mobile-header-display":"","site-post-title":"disabled","ast-breadcrumbs-content":"","ast-featured-img":"","footer-sml-layout":"","theme-transparent-header-meta":"default","adv-header-id-meta":"","stick-header-meta":"","header-above-stick-meta":"","header-main-stick-meta":"","header-below-stick-meta":""},"yoast_head":"<!-- This site is optimized with the Yoast SEO plugin v20.2 - https:\/\/yoast.com\/wordpress\/plugins\/seo\/ -->\n<title>Logiciel de Gestion des cong\u00e9s et absences - Suivi des cong\u00e9s<\/title>\n<meta name=\"description\" content=\"Gestion des cong\u00e9s et absences, weentime logiciel de suivi des employ\u00e9s en t\u00e9l\u00e9travail, - Suivi solde de cong\u00e9 en temps r\u00e9el\" \/>\n<meta name=\"robots\" content=\"index, follow, max-snippet:-1, max-image-preview:large, max-video-preview:-1\" \/>\n<link rel=\"canonical\" href=\"https:\/\/weentime.pi2r-dev.tech\/en\/presentation\/\" \/>\n<meta property=\"og:locale\" content=\"en_US\" \/>\n<meta property=\"og:type\" content=\"article\" \/>\n<meta property=\"og:title\" content=\"Logiciel de Gestion des cong\u00e9s et absences - Suivi des cong\u00e9s\" \/>\n<meta property=\"og:description\" content=\"Gestion des cong\u00e9s et absences, weentime logiciel de suivi des employ\u00e9s en t\u00e9l\u00e9travail, - Suivi solde de cong\u00e9 en temps r\u00e9el\" \/>\n<meta property=\"og:url\" content=\"https:\/\/weentime.pi2r-dev.tech\/en\/presentation\/\" \/>\n<meta property=\"og:site_name\" content=\"Weentime\" \/>\n<meta property=\"article:publisher\" content=\"https:\/\/www.facebook.com\/weentimerh\" \/>\n<meta property=\"article:modified_time\" content=\"2024-05-06T08:53:43+00:00\" \/>\n<meta name=\"twitter:card\" content=\"summary_large_image\" \/>\n<meta name=\"twitter:label1\" content=\"Est. reading time\" \/>\n\t<meta name=\"twitter:data1\" content=\"2 minutes\" \/>\n<script type=\"application\/ld+json\" class=\"yoast-schema-graph\">{\"@context\":\"https:\/\/schema.org\",\"@graph\":[{\"@type\":\"WebPage\",\"@id\":\"https:\/\/weentime.pi2r-dev.tech\/presentation\/\",\"url\":\"https:\/\/weentime.pi2r-dev.tech\/presentation\/\",\"name\":\"Logiciel de Gestion des cong\u00e9s et absences - Suivi des cong\u00e9s\",\"isPartOf\":{\"@id\":\"https:\/\/weentime.pi2r-dev.tech\/#website\"},\"datePublished\":\"2022-06-14T09:50:37+00:00\",\"dateModified\":\"2024-05-06T08:53:43+00:00\",\"description\":\"Gestion des cong\u00e9s et absences, weentime logiciel de suivi des employ\u00e9s en t\u00e9l\u00e9travail, - Suivi solde de cong\u00e9 en temps r\u00e9el\",\"breadcrumb\":{\"@id\":\"https:\/\/weentime.pi2r-dev.tech\/presentation\/#breadcrumb\"},\"inLanguage\":\"en-US\",\"potentialAction\":[{\"@type\":\"ReadAction\",\"target\":[\"https:\/\/weentime.pi2r-dev.tech\/presentation\/\"]}]},{\"@type\":\"BreadcrumbList\",\"@id\":\"https:\/\/weentime.pi2r-dev.tech\/presentation\/#breadcrumb\",\"itemListElement\":[{\"@type\":\"ListItem\",\"position\":1,\"name\":\"Home\",\"item\":\"https:\/\/weentime.pi2r-dev.tech\/\"},{\"@type\":\"ListItem\",\"position\":2,\"name\":\"Pr\u00e9sentation\"}]},{\"@type\":\"WebSite\",\"@id\":\"https:\/\/weentime.pi2r-dev.tech\/#website\",\"url\":\"https:\/\/weentime.pi2r-dev.tech\/\",\"name\":\"WEENTIME\",\"description\":\"Weentime | Solution SAAS\",\"publisher\":{\"@id\":\"https:\/\/weentime.pi2r-dev.tech\/#organization\"},\"potentialAction\":[{\"@type\":\"SearchAction\",\"target\":{\"@type\":\"EntryPoint\",\"urlTemplate\":\"https:\/\/weentime.pi2r-dev.tech\/?s={search_term_string}\"},\"query-input\":\"required name=search_term_string\"}],\"inLanguage\":\"en-US\"},{\"@type\":\"Organization\",\"@id\":\"https:\/\/weentime.pi2r-dev.tech\/#organization\",\"name\":\"WEENTIME\",\"url\":\"https:\/\/weentime.pi2r-dev.tech\/\",\"logo\":{\"@type\":\"ImageObject\",\"inLanguage\":\"en-US\",\"@id\":\"https:\/\/weentime.pi2r-dev.tech\/#\/schema\/logo\/image\/\",\"url\":\"https:\/\/weentime.pi2r-dev.tech\/wp-content\/uploads\/2026\/05\/logo.png\",\"contentUrl\":\"https:\/\/weentime.pi2r-dev.tech\/wp-content\/uploads\/2026\/05\/logo.png\",\"width\":450,\"height\":135,\"caption\":\"WEENTIME\"},\"image\":{\"@id\":\"https:\/\/weentime.pi2r-dev.tech\/#\/schema\/logo\/image\/\"},\"sameAs\":[\"https:\/\/www.facebook.com\/weentimerh\",\"https:\/\/www.linkedin.com\/company\/weentime\/\"]}]}<\/script>\n<!-- \/ Yoast SEO plugin. -->","yoast_head_json":{"title":"Logiciel de Gestion des cong\u00e9s et absences - Suivi des cong\u00e9s","description":"Gestion des cong\u00e9s et absences, weentime logiciel de suivi des employ\u00e9s en t\u00e9l\u00e9travail, - Suivi solde de cong\u00e9 en temps r\u00e9el","robots":{"index":"index","follow":"follow","max-snippet":"max-snippet:-1","max-image-preview":"max-image-preview:large","max-video-preview":"max-video-preview:-1"},"canonical":"https:\/\/weentime.pi2r-dev.tech\/en\/presentation\/","og_locale":"en_US","og_type":"article","og_title":"Logiciel de Gestion des cong\u00e9s et absences - Suivi des cong\u00e9s","og_description":"Gestion des cong\u00e9s et absences, weentime logiciel de suivi des employ\u00e9s en t\u00e9l\u00e9travail, - Suivi solde de cong\u00e9 en temps r\u00e9el","og_url":"https:\/\/weentime.pi2r-dev.tech\/en\/presentation\/","og_site_name":"Weentime","article_publisher":"https:\/\/www.facebook.com\/weentimerh","article_modified_time":"2024-05-06T08:53:43+00:00","twitter_card":"summary_large_image","twitter_misc":{"Est. reading time":"2 minutes"},"schema":{"@context":"https:\/\/schema.org","@graph":[{"@type":"WebPage","@id":"https:\/\/weentime.pi2r-dev.tech\/presentation\/","url":"https:\/\/weentime.pi2r-dev.tech\/presentation\/","name":"Logiciel de Gestion des cong\u00e9s et absences - Suivi des cong\u00e9s","isPartOf":{"@id":"https:\/\/weentime.pi2r-dev.tech\/#website"},"datePublished":"2022-06-14T09:50:37+00:00","dateModified":"2024-05-06T08:53:43+00:00","description":"Gestion des cong\u00e9s et absences, weentime logiciel de suivi des employ\u00e9s en t\u00e9l\u00e9travail, - Suivi solde de cong\u00e9 en temps r\u00e9el","breadcrumb":{"@id":"https:\/\/weentime.pi2r-dev.tech\/presentation\/#breadcrumb"},"inLanguage":"en-US","potentialAction":[{"@type":"ReadAction","target":["https:\/\/weentime.pi2r-dev.tech\/presentation\/"]}]},{"@type":"BreadcrumbList","@id":"https:\/\/weentime.pi2r-dev.tech\/presentation\/#breadcrumb","itemListElement":[{"@type":"ListItem","position":1,"name":"Home","item":"https:\/\/weentime.pi2r-dev.tech\/"},{"@type":"ListItem","position":2,"name":"Pr\u00e9sentation"}]},{"@type":"WebSite","@id":"https:\/\/weentime.pi2r-dev.tech\/#website","url":"https:\/\/weentime.pi2r-dev.tech\/","name":"WEENTIME","description":"Weentime | Solution SAAS","publisher":{"@id":"https:\/\/weentime.pi2r-dev.tech\/#organization"},"potentialAction":[{"@type":"SearchAction","target":{"@type":"EntryPoint","urlTemplate":"https:\/\/weentime.pi2r-dev.tech\/?s={search_term_string}"},"query-input":"required name=search_term_string"}],"inLanguage":"en-US"},{"@type":"Organization","@id":"https:\/\/weentime.pi2r-dev.tech\/#organization","name":"WEENTIME","url":"https:\/\/weentime.pi2r-dev.tech\/","logo":{"@type":"ImageObject","inLanguage":"en-US","@id":"https:\/\/weentime.pi2r-dev.tech\/#\/schema\/logo\/image\/","url":"https:\/\/weentime.pi2r-dev.tech\/wp-content\/uploads\/2026\/05\/logo.png","contentUrl":"https:\/\/weentime.pi2r-dev.tech\/wp-content\/uploads\/2026\/05\/logo.png","width":450,"height":135,"caption":"WEENTIME"},"image":{"@id":"https:\/\/weentime.pi2r-dev.tech\/#\/schema\/logo\/image\/"},"sameAs":["https:\/\/www.facebook.com\/weentimerh","https:\/\/www.linkedin.com\/company\/weentime\/"]}]}},"_links":{"self":[{"href":"https:\/\/weentime.pi2r-dev.tech\/en\/wp-json\/wp\/v2\/pages\/41"}],"collection":[{"href":"https:\/\/weentime.pi2r-dev.tech\/en\/wp-json\/wp\/v2\/pages"}],"about":[{"href":"https:\/\/weentime.pi2r-dev.tech\/en\/wp-json\/wp\/v2\/types\/page"}],"author":[{"embeddable":true,"href":"https:\/\/weentime.pi2r-dev.tech\/en\/wp-json\/wp\/v2\/users\/1"}],"replies":[{"embeddable":true,"href":"https:\/\/weentime.pi2r-dev.tech\/en\/wp-json\/wp\/v2\/comments?post=41"}],"version-history":[{"count":80,"href":"https:\/\/weentime.pi2r-dev.tech\/en\/wp-json\/wp\/v2\/pages\/41\/revisions"}],"predecessor-version":[{"id":1542,"href":"https:\/\/weentime.pi2r-dev.tech\/en\/wp-json\/wp\/v2\/pages\/41\/revisions\/1542"}],"wp:attachment":[{"href":"https:\/\/weentime.pi2r-dev.tech\/en\/wp-json\/wp\/v2\/media?parent=41"}],"curies":[{"name":"wp","href":"https:\/\/api.w.org\/{rel}","templated":true}]}}