{"id":1530,"date":"2024-04-22T08:16:45","date_gmt":"2024-04-22T08:16:45","guid":{"rendered":"https:\/\/weentime.pi2r-dev.tech\/?page_id=1530"},"modified":"2026-04-03T22:01:53","modified_gmt":"2026-04-03T22:01:53","slug":"integrateur-logiciel-gestion-paie","status":"publish","type":"page","link":"https:\/\/weentime.pi2r-dev.tech\/en\/integrateur-logiciel-gestion-paie\/","title":{"rendered":"Connecteurs vers Logiciels de Paie"},"content":{"rendered":"<div class=\"vce-row-container\" data-vce-boxed-width=\"true\"><div class=\"vce-row vce-row--col-gap-30 vce-row-equal-height vce-row-content--top\" id=\"el-cea066ff\" data-vce-do-apply=\"all el-cea066ff\"><div class=\"vce-row-content\" data-vce-element-content=\"true\"><div class=\"vce-col vce-col--md-auto vce-col--xs-1 vce-col--xs-last vce-col--xs-first vce-col--sm-last vce-col--sm-first vce-col--md-last vce-col--lg-last vce-col--xl-last vce-col--md-first vce-col--lg-first vce-col--xl-first\" id=\"el-8766fbef\"><div class=\"vce-col-inner\" data-vce-do-apply=\"border margin background  el-8766fbef\"><div class=\"vce-col-content\" data-vce-element-content=\"true\" data-vce-do-apply=\"padding el-8766fbef\"><section class=\"vce-feature-section-container vce-feature-section-media--xs\"><div class=\"vce vce-feature-section vce-feature-section--min-height page-content-with-img-block vce-feature-section-background-color--b3a694\" id=\"el-c78299dc\" data-vce-do-apply=\"margin background border  el-c78299dc\"><div class=\"vce-feature-section-image vce-feature-section-image--alignment-left vce-feature-section-image--background-position-center-center\" style=\"background-image: url('https:\/\/weentime.pi2r-dev.tech\/wp-content\/uploads\/2022\/06\/weentime-2.png');\"><\/div><div class=\"vce-feature-section-content\"><div class=\"vce-feature-section-content-container\" data-vce-do-apply=\"padding el-c78299dc\"><div class=\"vce-feature-section-description\"><h2 style=\"text-align: left;\">Synchronisez automatiquement vos donn\u00e9es RH avec votre logiciel de paie<\/h2><p>WeenTime centralise les donn\u00e9es de temps de travail et g\u00e9n\u00e8re automatiquement les \u00e9l\u00e9ments variables de paie pr\u00eats \u00e0 \u00eatre int\u00e9gr\u00e9s dans votre logiciel de paie.<\/p><ul><li style=\"list-style-type: none;\"><ul><li><strong>Int\u00e9gration sans ressaisie<\/strong><br><p>Export automatique des absences, retards, heures suppl\u00e9mentaires et soldes vers votre solution de paie.<\/p><\/li><\/ul><\/li><\/ul><ul><li style=\"list-style-type: none;\"><ul><li><strong>Plus de 20 indicateurs pr\u00eats pour la paie<\/strong><br><p>Cong\u00e9s, RTT, absences, r\u00e9gularisations, heures supp, sorties de bureau et ajustements mensuels.<\/p><\/li><\/ul><\/li><\/ul><ul><li style=\"list-style-type: none;\"><ul><li><strong>Cl\u00f4ture mensuelle simplifi\u00e9e<\/strong><br><p>Arr\u00eat de situation rapide avec des donn\u00e9es fiables et consolid\u00e9es.<\/p><\/li><\/ul><\/li><\/ul><ul><li style=\"list-style-type: none;\"><ul><li><strong>Formats compatibles avec vos outils existants<\/strong><br><p>Exports flexibles en Excel ou CSV adapt\u00e9s aux logiciels de paie du march\u00e9.<\/p><\/li><\/ul><\/li><\/ul><\/div><div class=\"vce-button--style-outline-container vce-button--style-outline-container--align-left\"><span class=\"vce-button--style-outline-wrapper vce\" id=\"el-d6d77c64\" data-vce-do-apply=\"margin el-d6d77c64\"><a class=\"vce-button vce-button--style-outline-animated vce-button--style-outline--border-round vce-button--style-outline--size-medium vce-button--style-outline-animated--color-b-29-100-197--fff--3d3d3d vce-button--style-outline-animated--border-color-b-75-184-231--3d3d3d vce-button--style-outline-animated--background-color-b-75-184-231\" href=\"http:\/\/app.weentime.com\/fr\/inscription\" title=\"Essayez gratuitement solution gestion des cong\u00e9\" data-vce-do-apply=\"padding border background  el-d6d77c64\"><span class=\"vce-button--style-outline-text\">Essayez gratuitement<\/span><\/a><\/span><\/div><\/div><\/div><\/div><\/section><\/div><\/div><\/div><\/div><\/div><\/div><div class=\"vce-row-container\" data-vce-boxed-width=\"true\"><div class=\"vce-row vce-row--col-gap-30 vce-row-equal-height vce-row-content--top\" id=\"el-48baa08c\" data-vce-do-apply=\"all el-48baa08c\"><div class=\"vce-row-content\" data-vce-element-content=\"true\"><div class=\"vce-col vce-col--md-auto vce-col--xs-1 vce-col--xs-last vce-col--xs-first vce-col--sm-last vce-col--sm-first vce-col--md-last vce-col--lg-last vce-col--xl-last vce-col--md-first vce-col--lg-first vce-col--xl-first\" id=\"el-59479f4a\"><div class=\"vce-col-inner\" data-vce-do-apply=\"border margin background  el-59479f4a\"><div class=\"vce-col-content\" data-vce-element-content=\"true\" data-vce-do-apply=\"padding el-59479f4a\"><div class=\"vce-text-block\"><div class=\"vce-text-block-wrapper vce\" id=\"el-73830491\" data-vce-do-apply=\"all el-73830491\"><h2>Gagnez du Temps avec WEENTIME<\/h2><p><span style=\"font-size: 15.4px; text-align: center;\">WEENTIME offre une gestion avanc\u00e9e et flexible des cong\u00e9s et des temps de travail, avec des fonctionnalit\u00e9s puissantes pour l'arr\u00eat de la situation en fin de mois, la gestion des cong\u00e9s \u00e9tal\u00e9s sur plusieurs mois, le traitement des annulations, et l'export des donn\u00e9es vers la paie. Tout cela est compl\u00e9t\u00e9 par un acc\u00e8s s\u00e9curis\u00e9 \u00e0 l'historique des donn\u00e9es et un param\u00e9trage flexible, permettant une adaptation optimale aux besoins sp\u00e9cifiques de votre organisation.<\/span><\/p><\/div><\/div><\/div><\/div><\/div><\/div><\/div><\/div>","protected":false},"excerpt":{"rendered":"<p>Synchronisez automatiquement vos donn\u00e9es RH avec votre logiciel de paieWeenTime centralise les donn\u00e9es de temps de travail et g\u00e9n\u00e8re automatiquement les \u00e9l\u00e9ments variables de paie pr\u00eats \u00e0 \u00eatre int\u00e9gr\u00e9s dans votre logiciel de paie.Int\u00e9gration sans ressaisieExport automatique des absences, retards, heures suppl\u00e9mentaires et soldes vers votre solution de paie.Plus de 20 indicateurs pr\u00eats pour la &hellip;<\/p>\n<p class=\"read-more\"> <a class=\"\" href=\"https:\/\/weentime.pi2r-dev.tech\/en\/integrateur-logiciel-gestion-paie\/\"> <span class=\"screen-reader-text\">Connecteurs vers Logiciels de Paie<\/span> Read More &raquo;<\/a><\/p>","protected":false},"author":2,"featured_media":0,"parent":0,"menu_order":0,"comment_status":"closed","ping_status":"closed","template":"","meta":{"site-sidebar-layout":"default","site-content-layout":"default","ast-global-header-display":"","ast-main-header-display":"","ast-hfb-above-header-display":"","ast-hfb-below-header-display":"","ast-hfb-mobile-header-display":"","site-post-title":"","ast-breadcrumbs-content":"","ast-featured-img":"","footer-sml-layout":"","theme-transparent-header-meta":"default","adv-header-id-meta":"","stick-header-meta":"","header-above-stick-meta":"","header-main-stick-meta":"","header-below-stick-meta":""},"yoast_head":"<!-- This site is optimized with the Yoast SEO plugin v20.2 - https:\/\/yoast.com\/wordpress\/plugins\/seo\/ -->\n<title>Connecteurs vers Logiciels de Paie - Weentime<\/title>\n<meta name=\"robots\" content=\"index, follow, max-snippet:-1, max-image-preview:large, max-video-preview:-1\" \/>\n<link rel=\"canonical\" href=\"https:\/\/weentime.pi2r-dev.tech\/en\/integrateur-logiciel-gestion-paie\/\" \/>\n<meta property=\"og:locale\" content=\"en_US\" \/>\n<meta property=\"og:type\" content=\"article\" \/>\n<meta property=\"og:title\" content=\"Connecteurs vers Logiciels de Paie - Weentime\" \/>\n<meta property=\"og:description\" content=\"Synchronisez automatiquement vos donn\u00e9es RH avec votre logiciel de paieWeenTime centralise les donn\u00e9es de temps de travail et g\u00e9n\u00e8re automatiquement les \u00e9l\u00e9ments variables de paie pr\u00eats \u00e0 \u00eatre int\u00e9gr\u00e9s dans votre logiciel de paie.Int\u00e9gration sans ressaisieExport automatique des absences, retards, heures suppl\u00e9mentaires et soldes vers votre solution de paie.Plus de 20 indicateurs pr\u00eats pour la &hellip; Connecteurs vers Logiciels de Paie Read More &raquo;\" \/>\n<meta property=\"og:url\" content=\"https:\/\/weentime.pi2r-dev.tech\/en\/integrateur-logiciel-gestion-paie\/\" \/>\n<meta property=\"og:site_name\" content=\"Weentime\" \/>\n<meta property=\"article:publisher\" content=\"https:\/\/www.facebook.com\/weentimerh\" \/>\n<meta property=\"article:modified_time\" content=\"2026-04-03T22:01:53+00:00\" \/>\n<meta name=\"twitter:card\" content=\"summary_large_image\" \/>\n<script type=\"application\/ld+json\" class=\"yoast-schema-graph\">{\"@context\":\"https:\/\/schema.org\",\"@graph\":[{\"@type\":\"WebPage\",\"@id\":\"https:\/\/weentime.pi2r-dev.tech\/integrateur-logiciel-gestion-paie\/\",\"url\":\"https:\/\/weentime.pi2r-dev.tech\/integrateur-logiciel-gestion-paie\/\",\"name\":\"Connecteurs vers Logiciels de Paie - Weentime\",\"isPartOf\":{\"@id\":\"https:\/\/weentime.pi2r-dev.tech\/#website\"},\"datePublished\":\"2024-04-22T08:16:45+00:00\",\"dateModified\":\"2026-04-03T22:01:53+00:00\",\"breadcrumb\":{\"@id\":\"https:\/\/weentime.pi2r-dev.tech\/integrateur-logiciel-gestion-paie\/#breadcrumb\"},\"inLanguage\":\"en-US\",\"potentialAction\":[{\"@type\":\"ReadAction\",\"target\":[\"https:\/\/weentime.pi2r-dev.tech\/integrateur-logiciel-gestion-paie\/\"]}]},{\"@type\":\"BreadcrumbList\",\"@id\":\"https:\/\/weentime.pi2r-dev.tech\/integrateur-logiciel-gestion-paie\/#breadcrumb\",\"itemListElement\":[{\"@type\":\"ListItem\",\"position\":1,\"name\":\"Home\",\"item\":\"https:\/\/weentime.pi2r-dev.tech\/\"},{\"@type\":\"ListItem\",\"position\":2,\"name\":\"Connecteurs vers Logiciels de Paie\"}]},{\"@type\":\"WebSite\",\"@id\":\"https:\/\/weentime.pi2r-dev.tech\/#website\",\"url\":\"https:\/\/weentime.pi2r-dev.tech\/\",\"name\":\"WEENTIME\",\"description\":\"Weentime | Solution SAAS\",\"publisher\":{\"@id\":\"https:\/\/weentime.pi2r-dev.tech\/#organization\"},\"potentialAction\":[{\"@type\":\"SearchAction\",\"target\":{\"@type\":\"EntryPoint\",\"urlTemplate\":\"https:\/\/weentime.pi2r-dev.tech\/?s={search_term_string}\"},\"query-input\":\"required name=search_term_string\"}],\"inLanguage\":\"en-US\"},{\"@type\":\"Organization\",\"@id\":\"https:\/\/weentime.pi2r-dev.tech\/#organization\",\"name\":\"WEENTIME\",\"url\":\"https:\/\/weentime.pi2r-dev.tech\/\",\"logo\":{\"@type\":\"ImageObject\",\"inLanguage\":\"en-US\",\"@id\":\"https:\/\/weentime.pi2r-dev.tech\/#\/schema\/logo\/image\/\",\"url\":\"https:\/\/weentime.pi2r-dev.tech\/wp-content\/uploads\/2022\/08\/cropped-logo-weentime.png\",\"contentUrl\":\"https:\/\/weentime.pi2r-dev.tech\/wp-content\/uploads\/2022\/08\/cropped-logo-weentime.png\",\"width\":298,\"height\":62,\"caption\":\"WEENTIME\"},\"image\":{\"@id\":\"https:\/\/weentime.pi2r-dev.tech\/#\/schema\/logo\/image\/\"},\"sameAs\":[\"https:\/\/www.facebook.com\/weentimerh\",\"https:\/\/www.linkedin.com\/company\/weentime\/\"]}]}<\/script>\n<!-- \/ Yoast SEO plugin. -->","yoast_head_json":{"title":"Connecteurs vers Logiciels de Paie - Weentime","robots":{"index":"index","follow":"follow","max-snippet":"max-snippet:-1","max-image-preview":"max-image-preview:large","max-video-preview":"max-video-preview:-1"},"canonical":"https:\/\/weentime.pi2r-dev.tech\/en\/integrateur-logiciel-gestion-paie\/","og_locale":"en_US","og_type":"article","og_title":"Connecteurs vers Logiciels de Paie - Weentime","og_description":"Synchronisez automatiquement vos donn\u00e9es RH avec votre logiciel de paieWeenTime centralise les donn\u00e9es de temps de travail et g\u00e9n\u00e8re automatiquement les \u00e9l\u00e9ments variables de paie pr\u00eats \u00e0 \u00eatre int\u00e9gr\u00e9s dans votre logiciel de paie.Int\u00e9gration sans ressaisieExport automatique des absences, retards, heures suppl\u00e9mentaires et soldes vers votre solution de paie.Plus de 20 indicateurs pr\u00eats pour la &hellip; Connecteurs vers Logiciels de Paie Read More &raquo;","og_url":"https:\/\/weentime.pi2r-dev.tech\/en\/integrateur-logiciel-gestion-paie\/","og_site_name":"Weentime","article_publisher":"https:\/\/www.facebook.com\/weentimerh","article_modified_time":"2026-04-03T22:01:53+00:00","twitter_card":"summary_large_image","schema":{"@context":"https:\/\/schema.org","@graph":[{"@type":"WebPage","@id":"https:\/\/weentime.pi2r-dev.tech\/integrateur-logiciel-gestion-paie\/","url":"https:\/\/weentime.pi2r-dev.tech\/integrateur-logiciel-gestion-paie\/","name":"Connecteurs vers Logiciels de Paie - Weentime","isPartOf":{"@id":"https:\/\/weentime.pi2r-dev.tech\/#website"},"datePublished":"2024-04-22T08:16:45+00:00","dateModified":"2026-04-03T22:01:53+00:00","breadcrumb":{"@id":"https:\/\/weentime.pi2r-dev.tech\/integrateur-logiciel-gestion-paie\/#breadcrumb"},"inLanguage":"en-US","potentialAction":[{"@type":"ReadAction","target":["https:\/\/weentime.pi2r-dev.tech\/integrateur-logiciel-gestion-paie\/"]}]},{"@type":"BreadcrumbList","@id":"https:\/\/weentime.pi2r-dev.tech\/integrateur-logiciel-gestion-paie\/#breadcrumb","itemListElement":[{"@type":"ListItem","position":1,"name":"Home","item":"https:\/\/weentime.pi2r-dev.tech\/"},{"@type":"ListItem","position":2,"name":"Connecteurs vers Logiciels de Paie"}]},{"@type":"WebSite","@id":"https:\/\/weentime.pi2r-dev.tech\/#website","url":"https:\/\/weentime.pi2r-dev.tech\/","name":"WEENTIME","description":"Weentime | Solution SAAS","publisher":{"@id":"https:\/\/weentime.pi2r-dev.tech\/#organization"},"potentialAction":[{"@type":"SearchAction","target":{"@type":"EntryPoint","urlTemplate":"https:\/\/weentime.pi2r-dev.tech\/?s={search_term_string}"},"query-input":"required name=search_term_string"}],"inLanguage":"en-US"},{"@type":"Organization","@id":"https:\/\/weentime.pi2r-dev.tech\/#organization","name":"WEENTIME","url":"https:\/\/weentime.pi2r-dev.tech\/","logo":{"@type":"ImageObject","inLanguage":"en-US","@id":"https:\/\/weentime.pi2r-dev.tech\/#\/schema\/logo\/image\/","url":"https:\/\/weentime.pi2r-dev.tech\/wp-content\/uploads\/2022\/08\/cropped-logo-weentime.png","contentUrl":"https:\/\/weentime.pi2r-dev.tech\/wp-content\/uploads\/2022\/08\/cropped-logo-weentime.png","width":298,"height":62,"caption":"WEENTIME"},"image":{"@id":"https:\/\/weentime.pi2r-dev.tech\/#\/schema\/logo\/image\/"},"sameAs":["https:\/\/www.facebook.com\/weentimerh","https:\/\/www.linkedin.com\/company\/weentime\/"]}]}},"_links":{"self":[{"href":"https:\/\/weentime.pi2r-dev.tech\/en\/wp-json\/wp\/v2\/pages\/1530"}],"collection":[{"href":"https:\/\/weentime.pi2r-dev.tech\/en\/wp-json\/wp\/v2\/pages"}],"about":[{"href":"https:\/\/weentime.pi2r-dev.tech\/en\/wp-json\/wp\/v2\/types\/page"}],"author":[{"embeddable":true,"href":"https:\/\/weentime.pi2r-dev.tech\/en\/wp-json\/wp\/v2\/users\/2"}],"replies":[{"embeddable":true,"href":"https:\/\/weentime.pi2r-dev.tech\/en\/wp-json\/wp\/v2\/comments?post=1530"}],"version-history":[{"count":9,"href":"https:\/\/weentime.pi2r-dev.tech\/en\/wp-json\/wp\/v2\/pages\/1530\/revisions"}],"predecessor-version":[{"id":1784,"href":"https:\/\/weentime.pi2r-dev.tech\/en\/wp-json\/wp\/v2\/pages\/1530\/revisions\/1784"}],"wp:attachment":[{"href":"https:\/\/weentime.pi2r-dev.tech\/en\/wp-json\/wp\/v2\/media?parent=1530"}],"curies":[{"name":"wp","href":"https:\/\/api.w.org\/{rel}","templated":true}]}}