{"id":1527,"date":"2024-04-22T08:14:54","date_gmt":"2024-04-22T08:14:54","guid":{"rendered":"https:\/\/weentime.pi2r-dev.tech\/?page_id=1527"},"modified":"2026-04-03T21:38:57","modified_gmt":"2026-04-03T21:38:57","slug":"gestion-heures-supp-et-repos-compensateur","status":"publish","type":"page","link":"https:\/\/weentime.pi2r-dev.tech\/en\/gestion-heures-supp-et-repos-compensateur\/","title":{"rendered":"Heures Supp et Repos Compensateur"},"content":{"rendered":"<div class=\"vce-row-container\" data-vce-boxed-width=\"true\"><div class=\"vce-row vce-row--col-gap-30 vce-row-equal-height vce-row-content--top\" id=\"el-5b9ce7c8\" data-vce-do-apply=\"all el-5b9ce7c8\"><div class=\"vce-row-content\" data-vce-element-content=\"true\"><div class=\"vce-col vce-col--md-auto vce-col--xs-1 vce-col--xs-last vce-col--xs-first vce-col--sm-last vce-col--sm-first vce-col--md-last vce-col--lg-last vce-col--xl-last vce-col--md-first vce-col--lg-first vce-col--xl-first\" id=\"el-0db22205\"><div class=\"vce-col-inner\" data-vce-do-apply=\"border margin background  el-0db22205\"><div class=\"vce-col-content\" data-vce-element-content=\"true\" data-vce-do-apply=\"padding el-0db22205\"><section class=\"vce-feature-section-container vce-feature-section-media--xs\"><div class=\"vce vce-feature-section vce-feature-section--min-height page-content-with-img-block vce-feature-section-background-color--b3a694\" id=\"el-ce5acba1\" data-vce-do-apply=\"margin background border  el-ce5acba1\"><div class=\"vce-feature-section-image vce-feature-section-image--alignment-left vce-feature-section-image--background-position-center-center\" style=\"background-image: url('https:\/\/weentime.pi2r-dev.tech\/wp-content\/uploads\/2022\/06\/contact-scaled.jpg');\"><\/div><div class=\"vce-feature-section-content\"><div class=\"vce-feature-section-content-container\" data-vce-do-apply=\"padding el-ce5acba1\"><div class=\"vce-feature-section-description\"><h2 style=\"text-align: left;\">Ma\u00eetrisez vos heures suppl\u00e9mentaires et repos compensateurs en toute simplicit\u00e9<\/h2><p>WeenTime digitalise enti\u00e8rement la d\u00e9claration, la validation et la compensation des heures suppl\u00e9mentaires tout en assurant une int\u00e9gration fluide avec votre syst\u00e8me de paie.<\/p><ul><li style=\"list-style-type: none;\"><ul><li><strong>Workflow de validation complet<\/strong><br><p>D\u00e9claration, validation hi\u00e9rarchique et approbation RH avec gestion des refus et annulations.<\/p><\/li><\/ul><\/li><\/ul><ul><li style=\"list-style-type: none;\"><ul><li><strong>Repos compensateur automatis\u00e9<\/strong><br><p>Gestion s\u00e9par\u00e9e des cong\u00e9s pour un suivi clair et conforme des droits employ\u00e9s.<\/p><\/li><\/ul><\/li><\/ul><ul><li style=\"list-style-type: none;\"><ul><li><strong>Int\u00e9gration directe avec la paie<\/strong><br><p>Les heures suppl\u00e9mentaires valid\u00e9es sont automatiquement transf\u00e9r\u00e9es vers votre logiciel de paie.<\/p><\/li><\/ul><\/li><\/ul><ul><li style=\"list-style-type: none;\"><ul><li><strong><b>Calcul <\/b><b>intelligent des heures <\/b><b>supp<\/b><\/strong><br><p>D\u00e9tection automatique selon horaires, \u00e9quipes, coefficients et r\u00e9gimes sp\u00e9ciaux (\u00e9t\u00e9, Ramadan\u2026).<\/p><\/li><\/ul><\/li><\/ul><\/div><div class=\"vce-button--style-outline-container vce-button--style-outline-container--align-left\"><span class=\"vce-button--style-outline-wrapper vce\" id=\"el-83dd72ef\" data-vce-do-apply=\"margin el-83dd72ef\"><a class=\"vce-button vce-button--style-outline-animated vce-button--style-outline--border-round vce-button--style-outline--size-medium vce-button--style-outline-animated--color-b-29-100-197--fff--3d3d3d vce-button--style-outline-animated--border-color-b-75-184-231--3d3d3d vce-button--style-outline-animated--background-color-b-75-184-231\" href=\"http:\/\/app.weentime.com\/fr\/inscription\" title=\"Essayez gratuitement solution gestion des cong\u00e9\" data-vce-do-apply=\"padding border background  el-83dd72ef\"><span class=\"vce-button--style-outline-text\">Essayez gratuitement<\/span><\/a><\/span><\/div><\/div><\/div><\/div><\/section><\/div><\/div><\/div><\/div><\/div><\/div><div class=\"vce-row-container\" data-vce-boxed-width=\"true\"><div class=\"vce-row vce-row--col-gap-30 vce-row-equal-height vce-row-content--top\" id=\"el-a62393d4\" data-vce-do-apply=\"all el-a62393d4\"><div class=\"vce-row-content\" data-vce-element-content=\"true\"><div class=\"vce-col vce-col--md-auto vce-col--xs-1 vce-col--xs-last vce-col--xs-first vce-col--sm-last vce-col--sm-first vce-col--md-last vce-col--lg-last vce-col--xl-last vce-col--md-first vce-col--lg-first vce-col--xl-first\" id=\"el-638a02d4\"><div class=\"vce-col-inner\" data-vce-do-apply=\"border margin background  el-638a02d4\"><div class=\"vce-col-content\" data-vce-element-content=\"true\" data-vce-do-apply=\"padding el-638a02d4\"><div class=\"vce-text-block\"><div class=\"vce-text-block-wrapper vce\" id=\"el-59063fa1\" data-vce-do-apply=\"all el-59063fa1\"><h2>Caclcul des heures des heures supp via WEENTIME.<\/h2><p>Si vous avez des pointeuses, Weentime calcule pour vous <strong>les heures supp<\/strong>.<\/p><p>Il vous suffit de d\u00e9clarer<strong> les horaires de travail<\/strong> dans la configuration Weentime une seule fois. Ensuite vous mettez en place une proc\u00e9dure et\/ou des outils pour charger dans Weentime les fichiers g\u00e9n\u00e9r\u00e9s par les pointeuses.<\/p><p>Weentime supporte les r\u00e9gimes sp\u00e9ciaux : horaires d\u2019\u00e9t\u00e9 et Ramadan. Vous pouvez aussi avoir des horaires de travail diff\u00e9rents selon les \u00e9quipes. Weentime utilise un algorithme intelligent de <strong>d\u00e9tection des heures supp<\/strong>. Par exemple, vous pouvez dire \u00e0 Weentime qu\u2019il faut au moins \u00bd heure pour comptabiliser des heures supp. Vous pouvez param\u00e9trer les coefficients de bonification par plage. Par exemple, le coefficient 1 pour les heures supp entre 18 heures et 20 heures ; 1,5 entre 20h et minuit ; Et fois 2 entre minuit et 7 heures du matin. Weentime propose d\u2019autres flexibilit\u00e9s de configuration utiles pour la d\u00e9tection et la valorisation des heures supp. Si vous ne souhaitez pas utiliser les pointeuses, vous pouvez g\u00e9rer les heures supp via un workflow semblable \u00e0 celui des demandes de cong\u00e9. L\u2019employ\u00e9 signale qu\u2019il a fait des heures supp. Son chef valide ou refuse.<\/p><p><strong>Le service RH<\/strong> peut approuver ou refuser \u00e0 son niveau. Weentime permet de<strong> payer les heures supp<\/strong> en envoyant les totaux mensuels \u00e0 votre<strong> logiciel de paie<\/strong>. Weentime permet aussi de compenser des heures supp par un repos au lieu de les payer. Weentime g\u00e8re pour vous le s<strong>olde du repos compensateur<\/strong>.&nbsp;<\/p><p><a href=\"https:\/\/youtube.com\/shorts\/JXez8MT03ac\" target=\"_blank\" rel=\"noopener\">https:\/\/youtube.com\/shorts\/JXez8MT03ac<\/a><\/p><\/div><\/div><\/div><\/div><\/div><\/div><\/div><\/div>","protected":false},"excerpt":{"rendered":"<p>Ma\u00eetrisez vos heures suppl\u00e9mentaires et repos compensateurs en toute simplicit\u00e9WeenTime digitalise enti\u00e8rement la d\u00e9claration, la validation et la compensation des heures suppl\u00e9mentaires tout en assurant une int\u00e9gration fluide avec votre syst\u00e8me de paie.Workflow de validation completD\u00e9claration, validation hi\u00e9rarchique et approbation RH avec gestion des refus et annulations.Repos compensateur automatis\u00e9Gestion s\u00e9par\u00e9e des cong\u00e9s pour un suivi &hellip;<\/p>\n<p class=\"read-more\"> <a class=\"\" href=\"https:\/\/weentime.pi2r-dev.tech\/en\/gestion-heures-supp-et-repos-compensateur\/\"> <span class=\"screen-reader-text\">Heures Supp et Repos Compensateur<\/span> Read More &raquo;<\/a><\/p>","protected":false},"author":2,"featured_media":0,"parent":0,"menu_order":0,"comment_status":"closed","ping_status":"closed","template":"","meta":{"site-sidebar-layout":"default","site-content-layout":"default","ast-global-header-display":"","ast-main-header-display":"","ast-hfb-above-header-display":"","ast-hfb-below-header-display":"","ast-hfb-mobile-header-display":"","site-post-title":"","ast-breadcrumbs-content":"","ast-featured-img":"","footer-sml-layout":"","theme-transparent-header-meta":"default","adv-header-id-meta":"","stick-header-meta":"","header-above-stick-meta":"","header-main-stick-meta":"","header-below-stick-meta":""},"yoast_head":"<!-- This site is optimized with the Yoast SEO plugin v20.2 - https:\/\/yoast.com\/wordpress\/plugins\/seo\/ -->\n<title>Heures Supp et Repos Compensateur - Weentime<\/title>\n<meta name=\"robots\" content=\"index, follow, max-snippet:-1, max-image-preview:large, max-video-preview:-1\" \/>\n<link rel=\"canonical\" href=\"https:\/\/weentime.pi2r-dev.tech\/en\/gestion-heures-supp-et-repos-compensateur\/\" \/>\n<meta property=\"og:locale\" content=\"en_US\" \/>\n<meta property=\"og:type\" content=\"article\" \/>\n<meta property=\"og:title\" content=\"Heures Supp et Repos Compensateur - Weentime\" \/>\n<meta property=\"og:description\" content=\"Ma\u00eetrisez vos heures suppl\u00e9mentaires et repos compensateurs en toute simplicit\u00e9WeenTime digitalise enti\u00e8rement la d\u00e9claration, la validation et la compensation des heures suppl\u00e9mentaires tout en assurant une int\u00e9gration fluide avec votre syst\u00e8me de paie.Workflow de validation completD\u00e9claration, validation hi\u00e9rarchique et approbation RH avec gestion des refus et annulations.Repos compensateur automatis\u00e9Gestion s\u00e9par\u00e9e des cong\u00e9s pour un suivi &hellip; Heures Supp et Repos Compensateur Read More &raquo;\" \/>\n<meta property=\"og:url\" content=\"https:\/\/weentime.pi2r-dev.tech\/en\/gestion-heures-supp-et-repos-compensateur\/\" \/>\n<meta property=\"og:site_name\" content=\"Weentime\" \/>\n<meta property=\"article:publisher\" content=\"https:\/\/www.facebook.com\/weentimerh\" \/>\n<meta property=\"article:modified_time\" content=\"2026-04-03T21:38:57+00:00\" \/>\n<meta name=\"twitter:card\" content=\"summary_large_image\" \/>\n<script type=\"application\/ld+json\" class=\"yoast-schema-graph\">{\"@context\":\"https:\/\/schema.org\",\"@graph\":[{\"@type\":\"WebPage\",\"@id\":\"https:\/\/weentime.pi2r-dev.tech\/gestion-heures-supp-et-repos-compensateur\/\",\"url\":\"https:\/\/weentime.pi2r-dev.tech\/gestion-heures-supp-et-repos-compensateur\/\",\"name\":\"Heures Supp et Repos Compensateur - Weentime\",\"isPartOf\":{\"@id\":\"https:\/\/weentime.pi2r-dev.tech\/#website\"},\"datePublished\":\"2024-04-22T08:14:54+00:00\",\"dateModified\":\"2026-04-03T21:38:57+00:00\",\"breadcrumb\":{\"@id\":\"https:\/\/weentime.pi2r-dev.tech\/gestion-heures-supp-et-repos-compensateur\/#breadcrumb\"},\"inLanguage\":\"en-US\",\"potentialAction\":[{\"@type\":\"ReadAction\",\"target\":[\"https:\/\/weentime.pi2r-dev.tech\/gestion-heures-supp-et-repos-compensateur\/\"]}]},{\"@type\":\"BreadcrumbList\",\"@id\":\"https:\/\/weentime.pi2r-dev.tech\/gestion-heures-supp-et-repos-compensateur\/#breadcrumb\",\"itemListElement\":[{\"@type\":\"ListItem\",\"position\":1,\"name\":\"Home\",\"item\":\"https:\/\/weentime.pi2r-dev.tech\/\"},{\"@type\":\"ListItem\",\"position\":2,\"name\":\"Heures Supp et Repos Compensateur\"}]},{\"@type\":\"WebSite\",\"@id\":\"https:\/\/weentime.pi2r-dev.tech\/#website\",\"url\":\"https:\/\/weentime.pi2r-dev.tech\/\",\"name\":\"WEENTIME\",\"description\":\"Weentime | Solution SAAS\",\"publisher\":{\"@id\":\"https:\/\/weentime.pi2r-dev.tech\/#organization\"},\"potentialAction\":[{\"@type\":\"SearchAction\",\"target\":{\"@type\":\"EntryPoint\",\"urlTemplate\":\"https:\/\/weentime.pi2r-dev.tech\/?s={search_term_string}\"},\"query-input\":\"required name=search_term_string\"}],\"inLanguage\":\"en-US\"},{\"@type\":\"Organization\",\"@id\":\"https:\/\/weentime.pi2r-dev.tech\/#organization\",\"name\":\"WEENTIME\",\"url\":\"https:\/\/weentime.pi2r-dev.tech\/\",\"logo\":{\"@type\":\"ImageObject\",\"inLanguage\":\"en-US\",\"@id\":\"https:\/\/weentime.pi2r-dev.tech\/#\/schema\/logo\/image\/\",\"url\":\"https:\/\/weentime.pi2r-dev.tech\/wp-content\/uploads\/2022\/08\/cropped-logo-weentime.png\",\"contentUrl\":\"https:\/\/weentime.pi2r-dev.tech\/wp-content\/uploads\/2022\/08\/cropped-logo-weentime.png\",\"width\":298,\"height\":62,\"caption\":\"WEENTIME\"},\"image\":{\"@id\":\"https:\/\/weentime.pi2r-dev.tech\/#\/schema\/logo\/image\/\"},\"sameAs\":[\"https:\/\/www.facebook.com\/weentimerh\",\"https:\/\/www.linkedin.com\/company\/weentime\/\"]}]}<\/script>\n<!-- \/ Yoast SEO plugin. -->","yoast_head_json":{"title":"Heures Supp et Repos Compensateur - Weentime","robots":{"index":"index","follow":"follow","max-snippet":"max-snippet:-1","max-image-preview":"max-image-preview:large","max-video-preview":"max-video-preview:-1"},"canonical":"https:\/\/weentime.pi2r-dev.tech\/en\/gestion-heures-supp-et-repos-compensateur\/","og_locale":"en_US","og_type":"article","og_title":"Heures Supp et Repos Compensateur - Weentime","og_description":"Ma\u00eetrisez vos heures suppl\u00e9mentaires et repos compensateurs en toute simplicit\u00e9WeenTime digitalise enti\u00e8rement la d\u00e9claration, la validation et la compensation des heures suppl\u00e9mentaires tout en assurant une int\u00e9gration fluide avec votre syst\u00e8me de paie.Workflow de validation completD\u00e9claration, validation hi\u00e9rarchique et approbation RH avec gestion des refus et annulations.Repos compensateur automatis\u00e9Gestion s\u00e9par\u00e9e des cong\u00e9s pour un suivi &hellip; Heures Supp et Repos Compensateur Read More &raquo;","og_url":"https:\/\/weentime.pi2r-dev.tech\/en\/gestion-heures-supp-et-repos-compensateur\/","og_site_name":"Weentime","article_publisher":"https:\/\/www.facebook.com\/weentimerh","article_modified_time":"2026-04-03T21:38:57+00:00","twitter_card":"summary_large_image","schema":{"@context":"https:\/\/schema.org","@graph":[{"@type":"WebPage","@id":"https:\/\/weentime.pi2r-dev.tech\/gestion-heures-supp-et-repos-compensateur\/","url":"https:\/\/weentime.pi2r-dev.tech\/gestion-heures-supp-et-repos-compensateur\/","name":"Heures Supp et Repos Compensateur - Weentime","isPartOf":{"@id":"https:\/\/weentime.pi2r-dev.tech\/#website"},"datePublished":"2024-04-22T08:14:54+00:00","dateModified":"2026-04-03T21:38:57+00:00","breadcrumb":{"@id":"https:\/\/weentime.pi2r-dev.tech\/gestion-heures-supp-et-repos-compensateur\/#breadcrumb"},"inLanguage":"en-US","potentialAction":[{"@type":"ReadAction","target":["https:\/\/weentime.pi2r-dev.tech\/gestion-heures-supp-et-repos-compensateur\/"]}]},{"@type":"BreadcrumbList","@id":"https:\/\/weentime.pi2r-dev.tech\/gestion-heures-supp-et-repos-compensateur\/#breadcrumb","itemListElement":[{"@type":"ListItem","position":1,"name":"Home","item":"https:\/\/weentime.pi2r-dev.tech\/"},{"@type":"ListItem","position":2,"name":"Heures Supp et Repos Compensateur"}]},{"@type":"WebSite","@id":"https:\/\/weentime.pi2r-dev.tech\/#website","url":"https:\/\/weentime.pi2r-dev.tech\/","name":"WEENTIME","description":"Weentime | Solution SAAS","publisher":{"@id":"https:\/\/weentime.pi2r-dev.tech\/#organization"},"potentialAction":[{"@type":"SearchAction","target":{"@type":"EntryPoint","urlTemplate":"https:\/\/weentime.pi2r-dev.tech\/?s={search_term_string}"},"query-input":"required name=search_term_string"}],"inLanguage":"en-US"},{"@type":"Organization","@id":"https:\/\/weentime.pi2r-dev.tech\/#organization","name":"WEENTIME","url":"https:\/\/weentime.pi2r-dev.tech\/","logo":{"@type":"ImageObject","inLanguage":"en-US","@id":"https:\/\/weentime.pi2r-dev.tech\/#\/schema\/logo\/image\/","url":"https:\/\/weentime.pi2r-dev.tech\/wp-content\/uploads\/2022\/08\/cropped-logo-weentime.png","contentUrl":"https:\/\/weentime.pi2r-dev.tech\/wp-content\/uploads\/2022\/08\/cropped-logo-weentime.png","width":298,"height":62,"caption":"WEENTIME"},"image":{"@id":"https:\/\/weentime.pi2r-dev.tech\/#\/schema\/logo\/image\/"},"sameAs":["https:\/\/www.facebook.com\/weentimerh","https:\/\/www.linkedin.com\/company\/weentime\/"]}]}},"_links":{"self":[{"href":"https:\/\/weentime.pi2r-dev.tech\/en\/wp-json\/wp\/v2\/pages\/1527"}],"collection":[{"href":"https:\/\/weentime.pi2r-dev.tech\/en\/wp-json\/wp\/v2\/pages"}],"about":[{"href":"https:\/\/weentime.pi2r-dev.tech\/en\/wp-json\/wp\/v2\/types\/page"}],"author":[{"embeddable":true,"href":"https:\/\/weentime.pi2r-dev.tech\/en\/wp-json\/wp\/v2\/users\/2"}],"replies":[{"embeddable":true,"href":"https:\/\/weentime.pi2r-dev.tech\/en\/wp-json\/wp\/v2\/comments?post=1527"}],"version-history":[{"count":19,"href":"https:\/\/weentime.pi2r-dev.tech\/en\/wp-json\/wp\/v2\/pages\/1527\/revisions"}],"predecessor-version":[{"id":1782,"href":"https:\/\/weentime.pi2r-dev.tech\/en\/wp-json\/wp\/v2\/pages\/1527\/revisions\/1782"}],"wp:attachment":[{"href":"https:\/\/weentime.pi2r-dev.tech\/en\/wp-json\/wp\/v2\/media?parent=1527"}],"curies":[{"name":"wp","href":"https:\/\/api.w.org\/{rel}","templated":true}]}}