{"id":126,"date":"2022-06-16T15:42:50","date_gmt":"2022-06-16T15:42:50","guid":{"rendered":"http:\/\/localhost\/weentime\/?page_id=126"},"modified":"2023-08-31T12:23:28","modified_gmt":"2023-08-31T12:23:28","slug":"absences","status":"publish","type":"page","link":"https:\/\/weentime.pi2r-dev.tech\/en\/absences\/","title":{"rendered":"Gestion des absences"},"content":{"rendered":"<div class=\"vce-row-container\" data-vce-boxed-width=\"true\"><div class=\"vce-row vce-row--col-gap-30 vce-row-equal-height vce-row-content--top\" id=\"el-d0002f00\" data-vce-do-apply=\"all el-d0002f00\"><div class=\"vce-row-content\" data-vce-element-content=\"true\"><div class=\"vce-col vce-col--md-auto vce-col--xs-1 vce-col--xs-last vce-col--xs-first vce-col--sm-last vce-col--sm-first vce-col--md-last vce-col--lg-last vce-col--xl-last vce-col--md-first vce-col--lg-first vce-col--xl-first\" id=\"el-cc870a52\"><div class=\"vce-col-inner\" data-vce-do-apply=\"border margin background  el-cc870a52\"><div class=\"vce-col-content\" data-vce-element-content=\"true\" data-vce-do-apply=\"padding el-cc870a52\"><div class=\"vce-text-block\"><div class=\"vce-text-block-wrapper vce\" id=\"el-4dff26f5\" data-vce-do-apply=\"all el-4dff26f5\"><p align=\"justify\">Weentime une solution de g<strong>estion des absences<\/strong> et des retards vous offre une approche int\u00e9gr\u00e9e pour g\u00e9rer tous les aspects li\u00e9s aux absences et aux retards de vos employ\u00e9s. Gr\u00e2ce \u00e0 notre interface conviviale et intuitive, vous pouvez g\u00e9rer facilement et rapidement les demandes d'absence, les retards et les justifications associ\u00e9es.<\/p>\n<h2><span style=\"font-size: 14pt;\">Demandes d'absence simplifi\u00e9es:<\/span><\/h2>\n<p align=\"justify\"><span style=\"font-size: medium;\">Weentime propose une approche tr\u00e8s efficace pour la gestion des absences, gr\u00e2ce \u00e0 un bouquet de fonctionnalit\u00e9s tr\u00e8s simples d\u2019utilisation.<\/span><\/p><\/div><\/div><div class=\"vce vce-separator-container vce-separator--align-center vce-separator--style-solid\" id=\"el-8985df74\" data-vce-do-apply=\"margin el-8985df74\"><div class=\"vce-separator vce-separator--color-bfc0c1 vce-separator--width-60 vce-separator--thickness-1\" data-vce-do-apply=\"border padding background  el-8985df74\"><\/div><\/div><\/div><\/div><\/div><\/div><\/div><\/div><div class=\"vce-row-container\" data-vce-boxed-width=\"true\"><div class=\"vce-row vce-row--col-gap-30 vce-row-equal-height vce-row-content--top\" id=\"el-7e68691f\" data-vce-do-apply=\"all el-7e68691f\"><div class=\"vce-row-content\" data-vce-element-content=\"true\"><div class=\"vce-col vce-col--md-auto vce-col--xs-1 vce-col--xs-last vce-col--xs-first vce-col--sm-last vce-col--sm-first vce-col--md-first vce-col--lg-first vce-col--xl-first\" id=\"el-45186b54\"><div class=\"vce-col-inner\" data-vce-do-apply=\"border margin background  el-45186b54\"><div class=\"vce-col-content\" data-vce-element-content=\"true\" data-vce-do-apply=\"padding el-45186b54\"><div class=\"vce-text-block\"><div class=\"vce-text-block-wrapper vce\" id=\"el-ba8d5dc8\" data-vce-do-apply=\"all el-ba8d5dc8\"><h2>Signalement des absences&nbsp;:<\/h2>\n<p><span style=\"font-size: medium;\">&nbsp;Le signalement de l\u2019absence peut se faire par l\u2019employ\u00e9 lui-m\u00eame, par un sup\u00e9rieur hi\u00e9rarchique ou par le service en charge des ressources humaines. Il s\u2019agit de constater l\u2019absence et de tracer dans le syst\u00e8me les informations disponibles au sujet de l\u2019absence. Les r\u00e8gles de gestion dans Weentime sont con\u00e7ues de fa\u00e7on \u00e0 offrir diff\u00e9rents modes de fonctionnement adapt\u00e9s \u00e0 la fois aux PME et aux micro-entreprises. Une absence peut avoir plusieurs motifs telles que : la maladie, un \u00e9v\u00e8nement donnant droit \u00e0 des cong\u00e9s exceptionnels tels que la naissance d\u2019un enfant, le d\u00e9c\u00e8s d\u2019un ascendant ou d\u2019un descendant, etc. Dans certains cas, des employ\u00e9s s\u2019absentent tout simplement pour un besoin de cong\u00e9 pay\u00e9 non-planifi\u00e9 ou encore de cong\u00e9 sans solde ou autre. Bref, les motifs peuvent \u00eatre tr\u00e8s vari\u00e9s.<\/span><\/p><\/div><\/div><\/div><\/div><\/div><div class=\"vce-col vce-col--md-auto vce-col--xs-1 vce-col--xs-last vce-col--xs-first vce-col--sm-last vce-col--sm-first\" id=\"el-c38bfafc\"><div class=\"vce-col-inner\" data-vce-do-apply=\"border margin background  el-c38bfafc\"><div class=\"vce-col-content\" data-vce-element-content=\"true\" data-vce-do-apply=\"padding el-c38bfafc\"><div class=\"vce-text-block\"><div class=\"vce-text-block-wrapper vce\" id=\"el-592e6f8a\" data-vce-do-apply=\"all el-592e6f8a\"><h2>Imputation des absences&nbsp;:<\/h2>\n<p><span style=\"font-size: medium;\">Weentime propose un syst\u00e8me \u00e0 la fois tr\u00e8s complet et tr\u00e8s simple d\u2019utilisation pour consigner les motifs et g\u00e9rer l\u2019imputation (l\u2019affectation) de chaque absence selon les r\u00e8gles en vigueur au sein de l\u2019entreprise avec la mise \u00e0 jour automatique du <\/span><a href=\"http:\/\/weentime.com\/conges\/\"><span style=\"font-size: medium;\"><strong>solde de cong\u00e9s<\/strong><\/span><\/a><span style=\"font-size: medium;\"> de l\u2019employ\u00e9. Weentime permet de g\u00e9rer un quota de cong\u00e9s maladie si le r\u00e8glement int\u00e9rieur de l\u2019entreprise le pr\u00e9voit. Pour certains pays, les droits aux cong\u00e9s exceptionnels sont pr\u00e9configur\u00e9s en fonction du pays et du secteur, mais dans tous les cas, le gestionnaire du compte de l\u2019entreprise qui utilise Weentime peut configurer lui-m\u00eame ces droits. Weentime prend en charge automatiquement tous les calculs et prend en consid\u00e9ration les jours f\u00e9ri\u00e9s.<\/span><\/p><\/div><\/div><\/div><\/div><\/div><div class=\"vce-col vce-col--md-auto vce-col--xs-1 vce-col--xs-last vce-col--xs-first vce-col--sm-last vce-col--sm-first vce-col--md-last vce-col--lg-last vce-col--xl-last\" id=\"el-5a2d4535\"><div class=\"vce-col-inner\" data-vce-do-apply=\"border margin background  el-5a2d4535\"><div class=\"vce-col-content\" data-vce-element-content=\"true\" data-vce-do-apply=\"padding el-5a2d4535\"><div class=\"vce-text-block\"><div class=\"vce-text-block-wrapper vce\" id=\"el-5cda8cca\" data-vce-do-apply=\"all el-5cda8cca\"><h2>Notifications des absences&nbsp;:<\/h2>\n<p><span style=\"font-size: medium;\">En plus de la disponibilit\u00e9 de l\u2019information au sujet des absences \u00e0 travers l\u2019application, Weentime g\u00e9n\u00e8re automatiquement des notifications destin\u00e9es aux acteurs concern\u00e9s au sein de la soci\u00e9t\u00e9. Ce syst\u00e8me de notification permet entre autres \u00e0 tout responsable au sein de la soci\u00e9t\u00e9 d\u2019\u00eatre inform\u00e9 en temps r\u00e9el d\u00e8s le signalement d\u2019une absence en vue de r\u00e9organiser l\u2019activit\u00e9 de son \u00e9quipe et \u00e9viter les impacts des absences sur les clients et les op\u00e9rations courantes de la soci\u00e9t\u00e9.<\/span><\/p><\/div><\/div><\/div><\/div><\/div><\/div><\/div><\/div><div class=\"vce-row-container\" data-vce-boxed-width=\"true\"><div class=\"vce-row vce-row--col-gap-30 vce-row-equal-height vce-row-content--top\" id=\"el-da25e211\" data-vce-do-apply=\"all el-da25e211\"><div class=\"vce-row-content\" data-vce-element-content=\"true\"><div class=\"vce-col vce-col--md-auto vce-col--xs-1 vce-col--xs-last vce-col--xs-first vce-col--sm-last vce-col--sm-first vce-col--md-last vce-col--lg-last vce-col--xl-last vce-col--md-first vce-col--lg-first vce-col--xl-first\" id=\"el-c6ee5c7f\"><div class=\"vce-col-inner\" data-vce-do-apply=\"border margin background  el-c6ee5c7f\"><div class=\"vce-col-content\" data-vce-element-content=\"true\" data-vce-do-apply=\"padding el-c6ee5c7f\"><section class=\"vce-hero-section-container vce-hero-section-media--xs vce-hero-section-media--sm vce-hero-section-media--md vce-hero-section-media--lg\"><div class=\"vce vce-hero-section\" id=\"el-fc486124\" data-vce-do-apply=\"margin background border  el-fc486124\"><div class=\"vce-hero-section--wrap-row vce-hero-section--background-position-right-top\" style=\"background-image: url('https:\/\/weentime.pi2r-dev.tech\/wp-content\/uploads\/2023\/08\/business-1839191_1280.jpg');\"><div class=\"vce-hero-section--wrap\"><div class=\"vce-hero-section--content\" data-vce-do-apply=\"padding el-fc486124\"><div class=\"vce-hero-section--content-container\"><h1 style=\"color: #fff;\">Logiciel de gestion des absences des employ\u00e9s<\/h1>\n<p style=\"color: #fff;\">Weentime propose une approche tr\u00e8s efficace pour la gestion des absences, gr\u00e2ce \u00e0 un bouquet de fonctionnalit\u00e9s tr\u00e8s simples d\u2019utilisation.<\/p><\/div><div class=\"vce-button--style-basic-container vce-button--style-basic-container--align-center\"><span class=\"vce-button--style-basic-wrapper vce\" id=\"el-e8658940\" data-vce-do-apply=\"margin el-e8658940\"><a class=\"vce-button vce-button--style-basic vce-button--style-basic--border-round vce-button--style-basic--size-medium vce-button--style-basic--color-b-75-184-231--fff\" href=\"https:\/\/app.weentime.com\/fr\/inscription\" title=\"outil gestion cong\u00e9\" data-vce-do-apply=\"padding border background  el-e8658940\">Essai Gratuit<\/a><\/span><\/div><\/div><\/div><\/div><\/div><\/section><\/div><\/div><\/div><\/div><\/div><\/div><div class=\"vce-row-container\" data-vce-boxed-width=\"true\"><div class=\"vce-row vce-row--col-gap-30 vce-row-equal-height vce-row-content--top\" id=\"el-a874aa07\" data-vce-do-apply=\"all el-a874aa07\"><div class=\"vce-row-content\" data-vce-element-content=\"true\"><div class=\"vce-col vce-col--md-auto vce-col--xs-1 vce-col--xs-last vce-col--xs-first vce-col--sm-last vce-col--sm-first vce-col--md-last vce-col--lg-last vce-col--xl-last vce-col--md-first vce-col--lg-first vce-col--xl-first\" id=\"el-d9d56153\"><div class=\"vce-col-inner\" data-vce-do-apply=\"border margin background  el-d9d56153\"><div class=\"vce-col-content\" data-vce-element-content=\"true\" data-vce-do-apply=\"padding el-d9d56153\"><div class=\"vce vce-separator-container vce-separator--align-center vce-separator--style-shadow\" id=\"el-c470ad7f\" data-vce-do-apply=\"margin el-c470ad7f\"><div class=\"vce-separator vce-separator--color-b-75-184-231 vce-separator--width-66 vce-separator--thickness-1\" data-vce-do-apply=\"border padding background  el-c470ad7f\"><div class=\"vce-separator-shadow vce-separator-shadow-left\"><\/div><div class=\"vce-separator-shadow vce-separator-shadow-right\"><\/div><\/div><\/div><\/div><\/div><\/div><\/div><\/div><\/div>","protected":false},"excerpt":{"rendered":"<p>Weentime une solution de gestion des absences et des retards vous offre une approche int\u00e9gr\u00e9e pour g\u00e9rer tous les aspects li\u00e9s aux absences et aux retards de vos employ\u00e9s. Gr\u00e2ce \u00e0 notre interface conviviale et intuitive, vous pouvez g\u00e9rer facilement et rapidement les demandes d&#8217;absence, les retards et les justifications associ\u00e9es. Demandes d&#8217;absence simplifi\u00e9es: Weentime &hellip;<\/p>\n<p class=\"read-more\"> <a class=\"\" href=\"https:\/\/weentime.pi2r-dev.tech\/en\/absences\/\"> <span class=\"screen-reader-text\">Gestion des absences<\/span> Read More &raquo;<\/a><\/p>","protected":false},"author":1,"featured_media":0,"parent":0,"menu_order":0,"comment_status":"closed","ping_status":"closed","template":"","meta":{"site-sidebar-layout":"default","site-content-layout":"default","ast-global-header-display":"","ast-main-header-display":"","ast-hfb-above-header-display":"","ast-hfb-below-header-display":"","ast-hfb-mobile-header-display":"","site-post-title":"","ast-breadcrumbs-content":"","ast-featured-img":"","footer-sml-layout":"","theme-transparent-header-meta":"default","adv-header-id-meta":"","stick-header-meta":"","header-above-stick-meta":"","header-main-stick-meta":"","header-below-stick-meta":""},"yoast_head":"<!-- This site is optimized with the Yoast SEO plugin v20.2 - https:\/\/yoast.com\/wordpress\/plugins\/seo\/ -->\n<title>Solution de Gestion des Absences et des Retards des Employ\u00e9s<\/title>\n<meta name=\"description\" content=\"Gestion des absences de vos employ\u00e9s en Tunisie, weentime une solution informatis\u00e9e de gestion des abscences avec des notifications.\" \/>\n<meta name=\"robots\" content=\"index, follow, max-snippet:-1, max-image-preview:large, max-video-preview:-1\" \/>\n<link rel=\"canonical\" href=\"https:\/\/weentime.pi2r-dev.tech\/en\/absences\/\" \/>\n<meta property=\"og:locale\" content=\"en_US\" \/>\n<meta property=\"og:type\" content=\"article\" \/>\n<meta property=\"og:title\" content=\"Solution de Gestion des Absences et des Retards des Employ\u00e9s\" \/>\n<meta property=\"og:description\" content=\"Gestion des absences de vos employ\u00e9s en Tunisie, weentime une solution informatis\u00e9e de gestion des abscences avec des notifications.\" \/>\n<meta property=\"og:url\" content=\"https:\/\/weentime.pi2r-dev.tech\/en\/absences\/\" \/>\n<meta property=\"og:site_name\" content=\"Weentime\" \/>\n<meta property=\"article:publisher\" content=\"https:\/\/www.facebook.com\/weentimerh\" \/>\n<meta property=\"article:modified_time\" content=\"2023-08-31T12:23:28+00:00\" \/>\n<meta name=\"twitter:card\" content=\"summary_large_image\" \/>\n<meta name=\"twitter:label1\" content=\"Est. reading time\" \/>\n\t<meta name=\"twitter:data1\" content=\"2 minutes\" \/>\n<script type=\"application\/ld+json\" class=\"yoast-schema-graph\">{\"@context\":\"https:\/\/schema.org\",\"@graph\":[{\"@type\":\"WebPage\",\"@id\":\"https:\/\/weentime.pi2r-dev.tech\/absences\/\",\"url\":\"https:\/\/weentime.pi2r-dev.tech\/absences\/\",\"name\":\"Solution de Gestion des Absences et des Retards des Employ\u00e9s\",\"isPartOf\":{\"@id\":\"https:\/\/weentime.pi2r-dev.tech\/#website\"},\"datePublished\":\"2022-06-16T15:42:50+00:00\",\"dateModified\":\"2023-08-31T12:23:28+00:00\",\"description\":\"Gestion des absences de vos employ\u00e9s en Tunisie, weentime une solution informatis\u00e9e de gestion des abscences avec des notifications.\",\"breadcrumb\":{\"@id\":\"https:\/\/weentime.pi2r-dev.tech\/absences\/#breadcrumb\"},\"inLanguage\":\"en-US\",\"potentialAction\":[{\"@type\":\"ReadAction\",\"target\":[\"https:\/\/weentime.pi2r-dev.tech\/absences\/\"]}]},{\"@type\":\"BreadcrumbList\",\"@id\":\"https:\/\/weentime.pi2r-dev.tech\/absences\/#breadcrumb\",\"itemListElement\":[{\"@type\":\"ListItem\",\"position\":1,\"name\":\"Home\",\"item\":\"https:\/\/weentime.pi2r-dev.tech\/\"},{\"@type\":\"ListItem\",\"position\":2,\"name\":\"Gestion des absences\"}]},{\"@type\":\"WebSite\",\"@id\":\"https:\/\/weentime.pi2r-dev.tech\/#website\",\"url\":\"https:\/\/weentime.pi2r-dev.tech\/\",\"name\":\"WEENTIME\",\"description\":\"Weentime | Solution SAAS\",\"publisher\":{\"@id\":\"https:\/\/weentime.pi2r-dev.tech\/#organization\"},\"potentialAction\":[{\"@type\":\"SearchAction\",\"target\":{\"@type\":\"EntryPoint\",\"urlTemplate\":\"https:\/\/weentime.pi2r-dev.tech\/?s={search_term_string}\"},\"query-input\":\"required name=search_term_string\"}],\"inLanguage\":\"en-US\"},{\"@type\":\"Organization\",\"@id\":\"https:\/\/weentime.pi2r-dev.tech\/#organization\",\"name\":\"WEENTIME\",\"url\":\"https:\/\/weentime.pi2r-dev.tech\/\",\"logo\":{\"@type\":\"ImageObject\",\"inLanguage\":\"en-US\",\"@id\":\"https:\/\/weentime.pi2r-dev.tech\/#\/schema\/logo\/image\/\",\"url\":\"https:\/\/weentime.pi2r-dev.tech\/wp-content\/uploads\/2026\/05\/logo.png\",\"contentUrl\":\"https:\/\/weentime.pi2r-dev.tech\/wp-content\/uploads\/2026\/05\/logo.png\",\"width\":450,\"height\":135,\"caption\":\"WEENTIME\"},\"image\":{\"@id\":\"https:\/\/weentime.pi2r-dev.tech\/#\/schema\/logo\/image\/\"},\"sameAs\":[\"https:\/\/www.facebook.com\/weentimerh\",\"https:\/\/www.linkedin.com\/company\/weentime\/\"]}]}<\/script>\n<!-- \/ Yoast SEO plugin. -->","yoast_head_json":{"title":"Solution de Gestion des Absences et des Retards des Employ\u00e9s","description":"Gestion des absences de vos employ\u00e9s en Tunisie, weentime une solution informatis\u00e9e de gestion des abscences avec des notifications.","robots":{"index":"index","follow":"follow","max-snippet":"max-snippet:-1","max-image-preview":"max-image-preview:large","max-video-preview":"max-video-preview:-1"},"canonical":"https:\/\/weentime.pi2r-dev.tech\/en\/absences\/","og_locale":"en_US","og_type":"article","og_title":"Solution de Gestion des Absences et des Retards des Employ\u00e9s","og_description":"Gestion des absences de vos employ\u00e9s en Tunisie, weentime une solution informatis\u00e9e de gestion des abscences avec des notifications.","og_url":"https:\/\/weentime.pi2r-dev.tech\/en\/absences\/","og_site_name":"Weentime","article_publisher":"https:\/\/www.facebook.com\/weentimerh","article_modified_time":"2023-08-31T12:23:28+00:00","twitter_card":"summary_large_image","twitter_misc":{"Est. reading time":"2 minutes"},"schema":{"@context":"https:\/\/schema.org","@graph":[{"@type":"WebPage","@id":"https:\/\/weentime.pi2r-dev.tech\/absences\/","url":"https:\/\/weentime.pi2r-dev.tech\/absences\/","name":"Solution de Gestion des Absences et des Retards des Employ\u00e9s","isPartOf":{"@id":"https:\/\/weentime.pi2r-dev.tech\/#website"},"datePublished":"2022-06-16T15:42:50+00:00","dateModified":"2023-08-31T12:23:28+00:00","description":"Gestion des absences de vos employ\u00e9s en Tunisie, weentime une solution informatis\u00e9e de gestion des abscences avec des notifications.","breadcrumb":{"@id":"https:\/\/weentime.pi2r-dev.tech\/absences\/#breadcrumb"},"inLanguage":"en-US","potentialAction":[{"@type":"ReadAction","target":["https:\/\/weentime.pi2r-dev.tech\/absences\/"]}]},{"@type":"BreadcrumbList","@id":"https:\/\/weentime.pi2r-dev.tech\/absences\/#breadcrumb","itemListElement":[{"@type":"ListItem","position":1,"name":"Home","item":"https:\/\/weentime.pi2r-dev.tech\/"},{"@type":"ListItem","position":2,"name":"Gestion des absences"}]},{"@type":"WebSite","@id":"https:\/\/weentime.pi2r-dev.tech\/#website","url":"https:\/\/weentime.pi2r-dev.tech\/","name":"WEENTIME","description":"Weentime | Solution SAAS","publisher":{"@id":"https:\/\/weentime.pi2r-dev.tech\/#organization"},"potentialAction":[{"@type":"SearchAction","target":{"@type":"EntryPoint","urlTemplate":"https:\/\/weentime.pi2r-dev.tech\/?s={search_term_string}"},"query-input":"required name=search_term_string"}],"inLanguage":"en-US"},{"@type":"Organization","@id":"https:\/\/weentime.pi2r-dev.tech\/#organization","name":"WEENTIME","url":"https:\/\/weentime.pi2r-dev.tech\/","logo":{"@type":"ImageObject","inLanguage":"en-US","@id":"https:\/\/weentime.pi2r-dev.tech\/#\/schema\/logo\/image\/","url":"https:\/\/weentime.pi2r-dev.tech\/wp-content\/uploads\/2026\/05\/logo.png","contentUrl":"https:\/\/weentime.pi2r-dev.tech\/wp-content\/uploads\/2026\/05\/logo.png","width":450,"height":135,"caption":"WEENTIME"},"image":{"@id":"https:\/\/weentime.pi2r-dev.tech\/#\/schema\/logo\/image\/"},"sameAs":["https:\/\/www.facebook.com\/weentimerh","https:\/\/www.linkedin.com\/company\/weentime\/"]}]}},"_links":{"self":[{"href":"https:\/\/weentime.pi2r-dev.tech\/en\/wp-json\/wp\/v2\/pages\/126"}],"collection":[{"href":"https:\/\/weentime.pi2r-dev.tech\/en\/wp-json\/wp\/v2\/pages"}],"about":[{"href":"https:\/\/weentime.pi2r-dev.tech\/en\/wp-json\/wp\/v2\/types\/page"}],"author":[{"embeddable":true,"href":"https:\/\/weentime.pi2r-dev.tech\/en\/wp-json\/wp\/v2\/users\/1"}],"replies":[{"embeddable":true,"href":"https:\/\/weentime.pi2r-dev.tech\/en\/wp-json\/wp\/v2\/comments?post=126"}],"version-history":[{"count":24,"href":"https:\/\/weentime.pi2r-dev.tech\/en\/wp-json\/wp\/v2\/pages\/126\/revisions"}],"predecessor-version":[{"id":1205,"href":"https:\/\/weentime.pi2r-dev.tech\/en\/wp-json\/wp\/v2\/pages\/126\/revisions\/1205"}],"wp:attachment":[{"href":"https:\/\/weentime.pi2r-dev.tech\/en\/wp-json\/wp\/v2\/media?parent=126"}],"curies":[{"name":"wp","href":"https:\/\/api.w.org\/{rel}","templated":true}]}}